{"id":10,"date":"2013-02-11T20:32:22","date_gmt":"2013-02-11T19:31:13","guid":{"rendered":"https:\/\/www.swingtap.com\/?page_id=10"},"modified":"2023-12-03T21:42:30","modified_gmt":"2023-12-03T20:42:30","slug":"ecole","status":"publish","type":"page","link":"https:\/\/www.swingtap.com\/blog\/fr\/ecole\/","title":{"rendered":"L&#8217;\u00e9cole"},"content":{"rendered":"\n\n\t<p><strong>L&#8217;\u00e9cole de Claquettes Victor Cuno est une \u00e9cole professionnelle de Claquettes<\/strong> ouverte aux amateurs de tout age, le N\u00b0 1 des Claquettes \u00e0 Paris depuis 30 ans.<\/p>\n<p>Notre \u00e9cole, la plus performante de toute l&#8217;Europe, vous propose une gamme de <strong>24 cours par semaine<\/strong> !<\/p>\n<p>Les claquettes, c&#8217;est notre m\u00e9tier ! Afin de garantir \u00e0 nos \u00e9l\u00e8ves un d\u00e9veloppement continu, nous avons cr\u00e9e <strong>7 niveaux diff\u00e9rents<\/strong> en cours d&#8217;ensemble : du Niveau 1 (Initiation) \u00e0 la Master Class (entra\u00eenement professionnel).<\/p>\n<p>Formation : <strong>technique am\u00e9ricaine<\/strong>. Nous enseignons tous les styles traditionnels &#8211; de Harlem \u00e0 Broadway via Hollywood &#8211; pour finir par s&#8217;\u00e9clater sur des musiques actuelles !<\/p>\n<p>Notre \u00e9cole est ouverte <strong>de fin ao\u00fbt \u00e0 d\u00e9but juillet<\/strong>. Afin de faciliter l&#8217;organisation de votre emploi du temps, tous les niveaux ont lieu plusieurs fois dans la semaine : le matin, en d\u00e9but de soir\u00e9e et en fin de soir\u00e9e !<\/p>\n<p>Nous sommes pas &#8216;scolaires&#8217; : d\u00e8s que vous avez acquis ce qu&#8217;il faut dans un niveau, vous serez invit\u00e9s \u00a0\u00e0 changer de niveau au cours de la saison !<\/p>\n<p>Pour des besoins sp\u00e9cifiques nous pouvons organiser <strong>des cours particuliers<\/strong>.<\/p>\n<p>Tous les cours ont lieu \u00e0 Swingtap,\u00a0<strong>21 rue Keller, 75011 Paris<\/strong> (M\u00e9tro Bastille, Voltaire ou Ledru-Rollin).<\/p>\n\t<iframe src=\"https:\/\/www.google.com\/maps\/embed\/v1\/place?q=21+Rue+Keller+Paris+75011+Paris%0A&#038;key=AIzaSyD09zQ9PNDNNy9TadMuzRV_UsPUoWKntt8\" aria-hidden=\"true\" title=\"21 Rue Keller Paris 75011 Paris\"><\/iframe>\n\t\t\t<a href=\"https:\/\/www.swingtap.com\/blog\/fr\/horaires-tarifs-inscriptions\/\" target=\"_self\" rel=\"noopener\">\n\t\t\t\t\t\t\t\u2022 Horaires \/ Tarifs et Inscriptions\n\t\t\t\t\t<\/a>\n\n","protected":false},"excerpt":{"rendered":"<p>L&#8217;\u00e9cole de Claquettes Victor Cuno est une \u00e9cole professionnelle de Claquettes ouverte aux amateurs de tout age, le N\u00b0 1 des Claquettes \u00e0 Paris depuis 30 ans. Notre \u00e9cole, la plus performante de toute l&#8217;Europe, vous propose une gamme de 24 cours par semaine ! Les claquettes, c&#8217;est notre m\u00e9tier ! Afin de garantir \u00e0&hellip; <a class=\"more-link\" href=\"https:\/\/www.swingtap.com\/blog\/fr\/ecole\/\">Continue reading <span class=\"screen-reader-text\">L&#8217;\u00e9cole<\/span><\/a><\/p>\n<p><a href=\"https:\/\/www.swingtap.com\/blog\/fr\/ecole\/\">Routines and videos&#8230;<\/a><\/p>\n<p><a href=\"https:\/\/www.swingtap.com\/blog\/fr\/ecole\/\">Routines and videos&#8230;<\/a><\/p>\n","protected":false},"author":1,"featured_media":0,"parent":0,"menu_order":0,"comment_status":"closed","ping_status":"open","template":"","meta":[],"_links":{"self":[{"href":"https:\/\/www.swingtap.com\/blog\/wp-json\/wp\/v2\/pages\/10"}],"collection":[{"href":"https:\/\/www.swingtap.com\/blog\/wp-json\/wp\/v2\/pages"}],"about":[{"href":"https:\/\/www.swingtap.com\/blog\/wp-json\/wp\/v2\/types\/page"}],"author":[{"embeddable":true,"href":"https:\/\/www.swingtap.com\/blog\/wp-json\/wp\/v2\/users\/1"}],"replies":[{"embeddable":true,"href":"https:\/\/www.swingtap.com\/blog\/wp-json\/wp\/v2\/comments?post=10"}],"version-history":[{"count":4,"href":"https:\/\/www.swingtap.com\/blog\/wp-json\/wp\/v2\/pages\/10\/revisions"}],"predecessor-version":[{"id":3439,"href":"https:\/\/www.swingtap.com\/blog\/wp-json\/wp\/v2\/pages\/10\/revisions\/3439"}],"wp:attachment":[{"href":"https:\/\/www.swingtap.com\/blog\/wp-json\/wp\/v2\/media?parent=10"}],"curies":[{"name":"wp","href":"https:\/\/api.w.org\/{rel}","templated":true}]}}