{"id":101,"date":"2013-07-31T17:00:57","date_gmt":"2013-07-31T15:00:57","guid":{"rendered":"https:\/\/www.swingtap.com\/?page_id=101"},"modified":"2022-09-21T18:18:10","modified_gmt":"2022-09-21T16:18:10","slug":"spectacles","status":"publish","type":"page","link":"https:\/\/www.swingtap.com\/blog\/fr\/spectacles\/","title":{"rendered":"\u00c9v\u00e9nementiel &#038; Spectacles"},"content":{"rendered":"\n\n\t<h2>Prestations de claquettes<\/h2>\n<p><strong>Victor et ses Show Boys<\/strong> : une \u00e9quipe de danseurs endiabl\u00e9s pour vos \u00e9v\u00e8nements et vos soir\u00e9es priv\u00e9es. En solo, duo, trio et ensemble \u00e0 cinq : nos pieds font la musique ! Dur\u00e9e de notre prestation : entre dix et quinze minutes.<\/p>\n<p>Pour toute information, veuillez nous contacter par mail : swingtap@gmail.com<\/p>\n\t<h2><img loading=\"lazy\" src=\"https:\/\/www.swingtap.com\/blog\/wp-content\/uploads\/3d-WhatsApp-Image-2022-09-19-at-14.50.37-4-2-300x294.jpeg\" alt=\"\" width=\"449\" height=\"440\" \/><\/h2>\n\t<h2><img loading=\"lazy\" src=\"https:\/\/www.swingtap.com\/blog\/wp-content\/uploads\/Le-Parisien-Grand-Palais-300x197.jpg\" alt=\"\" width=\"493\" height=\"323\" \/><\/h2>\n<h2>COURS DE D\u00c9COUVERTE<\/h2>\n<p>Nous avons une vaste exp\u00e9rience dans ce domaine : \u00a0au Grand Palais avant chaque repr\u00e9sentation de la com\u00e9die musicale <em>Singin&#8217; In The Rain<\/em>\u00a0 ainsi qu&#8217;au Th\u00e9\u00e2tre du Ch\u00e2telet \u00e0 l&#8217;occasion de la pr\u00e9sentation de <em>Un Am\u00e9ricain \u00e0 Pari<\/em>s.<\/p>\n<p>La dur\u00e9e d&#8217;une s\u00e9ance est de 60 min. Capacit\u00e9 : entre 10 et 35 personnes. Surface n\u00e9cessaire : \u00e0 partir de 60 m2, sol lisse, de pr\u00e9f\u00e9rence genre parquet&#8230; Nous pouvons vous louer les chaussures adapt\u00e9es \u00e0 chaque participant, nos tailles vont du 33 au 47 ! Nos cours de d\u00e9couverte sont directement accompagn\u00e9s au piano par le professeur (Victor Cuno), mais peuvent \u00e9galement se faire sur de la musique enregistr\u00e9e.<\/p>\n<p>Pour toute information veuillez nous contacter par mail : swingtap@gmail.com<\/p>\n<p>&nbsp;<\/p>\n\n","protected":false},"excerpt":{"rendered":"<p>Prestations de claquettes Victor et ses Show Boys : une \u00e9quipe de danseurs endiabl\u00e9s pour vos \u00e9v\u00e8nements et vos soir\u00e9es priv\u00e9es. En solo, duo, trio et ensemble \u00e0 cinq : nos pieds font la musique ! Dur\u00e9e de notre prestation : entre dix et quinze minutes. Pour toute information, veuillez nous contacter par mail :&hellip; <a class=\"more-link\" href=\"https:\/\/www.swingtap.com\/blog\/fr\/spectacles\/\">Continue reading <span class=\"screen-reader-text\">\u00c9v\u00e9nementiel &#038; Spectacles<\/span><\/a><\/p>\n<p><a href=\"https:\/\/www.swingtap.com\/blog\/fr\/spectacles\/\">Routines and videos&#8230;<\/a><\/p>\n<p><a href=\"https:\/\/www.swingtap.com\/blog\/fr\/spectacles\/\">Routines and videos&#8230;<\/a><\/p>\n","protected":false},"author":1,"featured_media":0,"parent":0,"menu_order":2,"comment_status":"closed","ping_status":"closed","template":"","meta":[],"_links":{"self":[{"href":"https:\/\/www.swingtap.com\/blog\/wp-json\/wp\/v2\/pages\/101"}],"collection":[{"href":"https:\/\/www.swingtap.com\/blog\/wp-json\/wp\/v2\/pages"}],"about":[{"href":"https:\/\/www.swingtap.com\/blog\/wp-json\/wp\/v2\/types\/page"}],"author":[{"embeddable":true,"href":"https:\/\/www.swingtap.com\/blog\/wp-json\/wp\/v2\/users\/1"}],"replies":[{"embeddable":true,"href":"https:\/\/www.swingtap.com\/blog\/wp-json\/wp\/v2\/comments?post=101"}],"version-history":[{"count":14,"href":"https:\/\/www.swingtap.com\/blog\/wp-json\/wp\/v2\/pages\/101\/revisions"}],"predecessor-version":[{"id":3241,"href":"https:\/\/www.swingtap.com\/blog\/wp-json\/wp\/v2\/pages\/101\/revisions\/3241"}],"wp:attachment":[{"href":"https:\/\/www.swingtap.com\/blog\/wp-json\/wp\/v2\/media?parent=101"}],"curies":[{"name":"wp","href":"https:\/\/api.w.org\/{rel}","templated":true}]}}