{"id":1042,"date":"2013-08-26T01:15:16","date_gmt":"2013-08-25T23:15:16","guid":{"rendered":"https:\/\/www.swingtap.com\/?page_id=1042"},"modified":"2022-03-09T13:00:57","modified_gmt":"2022-03-09T12:00:57","slug":"les-tailles-des-chaussures","status":"publish","type":"page","link":"https:\/\/www.swingtap.com\/blog\/fr\/les-tailles-des-chaussures\/","title":{"rendered":"Les tailles des chaussures"},"content":{"rendered":"<p>La mondialisation a laiss\u00e9 des traces quant \u00e0 la fabrication et aux tailles des chaussures de claquettes. Les raisons pour cela sont multiples :<\/p>\n<p>1) A la base il y a d\u00e9j\u00e0 les <strong>tailles fran\u00e7aises<\/strong> et <strong>italiennes<\/strong>, les tailles <strong>anglaises<\/strong> et trois mesures diff\u00e9rentes pour les tailles <strong>am\u00e9ricaines<\/strong> : homme, femmes et enfants.<\/p>\n<p>2) Pour toutes ces cat\u00e9gories la progression d&#8217;une taille \u00e0 l&#8217;autre varie. En France une vieille unit\u00e9, utilis\u00e9e jadis par les bottiers, sert toujours de base. Il s&#8217;agit du \u00ab <strong>point de Paris<\/strong> \u00bb qui correspond \u00e0 <strong>0,667 cm<\/strong>. Ainsi, si vous chaussez du 39, cela signifie que votre pied n\u00e9cessite une taille de 39 x 0.666 = 25,9 cm. <strong>En Angleterre<\/strong> une autre, tr\u00e8s vieille mesure sert de base : c&#8217;est le \u00ab <strong>barleycorn<\/strong> \u00bb. Cette mesure est de <strong>0,846 cm<\/strong> par taille et les fabricants nomment les tailles \u00e0 partir de la pointure 0. Les am\u00e9ricains on repris la m\u00eame mesure, mais nomment les tailles \u00e0 partir de la pointure 1&#8230; Une mesure plus moderne, le <strong>mondopoint<\/strong> utilis\u00e9e fr\u00e9quemment <strong>en Asie<\/strong>, est de <strong>0,5 cm<\/strong>. Les producteurs ont bien-sur pens\u00e9 \u00e0 faire des grilles de conversion, mais toutes ces grilles sont plus ou moins justes, et victimes d&#8217;un ajustement un peu incertain.<\/p>\n<p>3) Depuis que la quasi totalit\u00e9 des chaussures de claquettes est fabriqu\u00e9e en Asie, les pointures se sont encore multipli\u00e9es. On constate que le point de d\u00e9part pour la fabrication d&#8217;une gamme (la taille 0 pour ainsi dire) peut varier d&#8217;un mod\u00e8le \u00e0 un autre&#8230; La cons\u00e9quence est que d\u00e9j\u00e0 chez un seul fournisseur les tailles peuvent varier d&#8217;un mod\u00e8le \u00e0 l&#8217;autre. <strong>Exemple : vous \u00eates parfaitement \u00e0 l&#8217;aise dans le mod\u00e8le Showtapper taille 8,5 de Bloch, la m\u00eame taille dans le mod\u00e8le Time Step &#8211; du m\u00eame fournisseur donc &#8211; sera trop grande de deux pointures&#8230;<\/strong><\/p>\n<p><strong>Pour toutes ces raisons<\/strong> nous avons d\u00e9cid\u00e9 de nous baser sur <strong>la longueur du pied<\/strong> par rapport \u00e0 la longueur d&#8217;une chaussure, <strong>une mesure infaillible et universelle<\/strong>, <strong>valable pour tous les mod\u00e8les<\/strong>. Nous avons ensuite transf\u00e9r\u00e9 ces mesures en tailles fran\u00e7aises en respectant la progression pour chaque mod\u00e8le, d&#8217;o\u00f9 l&#8217;apparition de tailles entre les demi-pointures habituelles.<\/p>\n<p><strong>Pour \u00eatre s\u00fbr de la pointure juste il est toujours indiqu\u00e9 de mesurer son pied avant de passer une commande !<\/strong><\/p>\n","protected":false},"excerpt":{"rendered":"<p>La mondialisation a laiss\u00e9 des traces quant \u00e0 la fabrication et aux tailles des chaussures de claquettes. Les raisons pour cela sont multiples : 1) A la base il y a d\u00e9j\u00e0 les tailles fran\u00e7aises et italiennes, les tailles anglaises et trois mesures diff\u00e9rentes pour les tailles am\u00e9ricaines : homme, femmes et enfants. 2) Pour&hellip; <a class=\"more-link\" href=\"https:\/\/www.swingtap.com\/blog\/fr\/les-tailles-des-chaussures\/\">Continue reading <span class=\"screen-reader-text\">Les tailles des chaussures<\/span><\/a><\/p>\n<p><a href=\"https:\/\/www.swingtap.com\/blog\/fr\/les-tailles-des-chaussures\/\">Routines and videos&#8230;<\/a><\/p>\n<p><a href=\"https:\/\/www.swingtap.com\/blog\/fr\/les-tailles-des-chaussures\/\">Routines and videos&#8230;<\/a><\/p>\n","protected":false},"author":2,"featured_media":0,"parent":0,"menu_order":1,"comment_status":"closed","ping_status":"closed","template":"","meta":[],"_links":{"self":[{"href":"https:\/\/www.swingtap.com\/blog\/wp-json\/wp\/v2\/pages\/1042"}],"collection":[{"href":"https:\/\/www.swingtap.com\/blog\/wp-json\/wp\/v2\/pages"}],"about":[{"href":"https:\/\/www.swingtap.com\/blog\/wp-json\/wp\/v2\/types\/page"}],"author":[{"embeddable":true,"href":"https:\/\/www.swingtap.com\/blog\/wp-json\/wp\/v2\/users\/2"}],"replies":[{"embeddable":true,"href":"https:\/\/www.swingtap.com\/blog\/wp-json\/wp\/v2\/comments?post=1042"}],"version-history":[{"count":1,"href":"https:\/\/www.swingtap.com\/blog\/wp-json\/wp\/v2\/pages\/1042\/revisions"}],"predecessor-version":[{"id":2657,"href":"https:\/\/www.swingtap.com\/blog\/wp-json\/wp\/v2\/pages\/1042\/revisions\/2657"}],"wp:attachment":[{"href":"https:\/\/www.swingtap.com\/blog\/wp-json\/wp\/v2\/media?parent=1042"}],"curies":[{"name":"wp","href":"https:\/\/api.w.org\/{rel}","templated":true}]}}