{"id":1047,"date":"2013-08-26T01:15:16","date_gmt":"2013-08-25T23:15:16","guid":{"rendered":"https:\/\/www.swingtap.com\/?page_id=1047"},"modified":"2022-03-09T13:00:57","modified_gmt":"2022-03-09T12:00:57","slug":"stepschuh-grossen","status":"publish","type":"page","link":"https:\/\/www.swingtap.com\/blog\/de\/stepschuh-grossen\/","title":{"rendered":"Stepschuh-Gr\u00f6ssen"},"content":{"rendered":"<p>Der weltweite Handel hat in punkto Herstellung und Gr\u00f6ssen der Stepschuhe Spuren hinterlassen. Viele Gr\u00fcnde sind daf\u00fcr verantwortlich:<\/p>\n<p>1) Schon urspr\u00fcnglich gibt es franz\u00f6sische und italienische Gr\u00f6ssen, englische Gr\u00f6ssen und drei verschiedene amerikanische Gr\u00f6ssen: f\u00fcr Damen, Herren und Kinder.<\/p>\n<p>F\u00fcr jede dieser Kategorien gilt eine andere Masseinheit von einer Gr\u00f6sse zu der n\u00e4chsten.<\/p>\n<p>2) Frankreich benutzt eine alte traditionelle Schuhmacher-Gr\u00f6sse genannt \u00ab point de Paris \u00bb mit Einheiten von 0,666 Cm.: 39 x 0.666 = 25,9 Cm = Gr\u00f6sse 39. In England gilt noch immer eine andere uralte Messeinheit, der \u00ab barleycorn \u00bb mit 0,846 Cm pro Gr\u00f6sse und die englischen Hersteller nummerieren die Schuhe ab Gr\u00f6sse 0. Die Amerikaner benutzen die gleiche Masseinheiten, nummerieren jedoch die Schuhe ab Gr\u00f6sse 1&#8230; Eine neuere Messeinheit mit 0,5 Cm hat sich in Asien verbreitet.<\/p>\n<p>3) Die Grossh\u00e4ndler und die verschiedenen Marken haben logischerweise Vergleichstabellen herausgegeben, die aber alle mehr oder weniger genau sind, Opfer vom etwas willk\u00fcrlichen Angleichen der verschiedenen Masseinheiten. Seitdem fast die ganze Palette von Stepschuhen in Asien hergestellt wird haben sich die Masseinheiten noch einmal verfielfacht. Man sieht auch dass der Ausgangspunkt f\u00fcr ein Modell (sozusagen die Gr\u00f6sse 0) nie genau dieselbe ist&#8230;<\/p>\n<p>Konsequenz: schon bei einer einzigen Marke varieren die Schuhgr\u00f6ssen je nach Modell.<\/p>\n<p>Beispiel: Sie haben von Bloch einen genau passenden Showtapper in Gr\u00f6sse 8,5 und bestellen nun das Modell Time Step der gleichen Marke in 8,5. Resultat: 2 Gr\u00f6ssen Unterschied&#8230;<\/p>\n<p>Alle obenstehenden Tatsachen haben uns dazu gef\u00fchrt als Basis die Fussl\u00e4nge im Verh\u00e4ltnis zur Schuhl\u00e4nge zu benutzen \u2013 eine universelle und unfehlbare Masseinheit die f\u00fcr alle Modelle funktioniert.<\/p>\n<p>Es ist deswegen sehr wichtig vor einer Bestellung die genaue Fussl\u00e4nge zu ermitteln!<\/p>\n","protected":false},"excerpt":{"rendered":"<p>Der weltweite Handel hat in punkto Herstellung und Gr\u00f6ssen der Stepschuhe Spuren hinterlassen. Viele Gr\u00fcnde sind daf\u00fcr verantwortlich: 1) Schon urspr\u00fcnglich gibt es franz\u00f6sische und italienische Gr\u00f6ssen, englische Gr\u00f6ssen und drei verschiedene amerikanische Gr\u00f6ssen: f\u00fcr Damen, Herren und Kinder. F\u00fcr jede dieser Kategorien gilt eine andere Masseinheit von einer Gr\u00f6sse zu der n\u00e4chsten. 2) Frankreich&hellip; <a class=\"more-link\" href=\"https:\/\/www.swingtap.com\/blog\/de\/stepschuh-grossen\/\">Continue reading <span class=\"screen-reader-text\">Stepschuh-Gr\u00f6ssen<\/span><\/a><\/p>\n<p><a href=\"https:\/\/www.swingtap.com\/blog\/de\/stepschuh-grossen\/\">Routines and videos&#8230;<\/a><\/p>\n<p><a href=\"https:\/\/www.swingtap.com\/blog\/de\/stepschuh-grossen\/\">Routines and videos&#8230;<\/a><\/p>\n","protected":false},"author":2,"featured_media":0,"parent":0,"menu_order":1,"comment_status":"closed","ping_status":"closed","template":"","meta":[],"_links":{"self":[{"href":"https:\/\/www.swingtap.com\/blog\/wp-json\/wp\/v2\/pages\/1047"}],"collection":[{"href":"https:\/\/www.swingtap.com\/blog\/wp-json\/wp\/v2\/pages"}],"about":[{"href":"https:\/\/www.swingtap.com\/blog\/wp-json\/wp\/v2\/types\/page"}],"author":[{"embeddable":true,"href":"https:\/\/www.swingtap.com\/blog\/wp-json\/wp\/v2\/users\/2"}],"replies":[{"embeddable":true,"href":"https:\/\/www.swingtap.com\/blog\/wp-json\/wp\/v2\/comments?post=1047"}],"version-history":[{"count":1,"href":"https:\/\/www.swingtap.com\/blog\/wp-json\/wp\/v2\/pages\/1047\/revisions"}],"predecessor-version":[{"id":2664,"href":"https:\/\/www.swingtap.com\/blog\/wp-json\/wp\/v2\/pages\/1047\/revisions\/2664"}],"wp:attachment":[{"href":"https:\/\/www.swingtap.com\/blog\/wp-json\/wp\/v2\/media?parent=1047"}],"curies":[{"name":"wp","href":"https:\/\/api.w.org\/{rel}","templated":true}]}}