{"id":108,"date":"2013-07-23T09:25:21","date_gmt":"2013-04-27T20:23:19","guid":{"rendered":"https:\/\/www.swingtap.com\/?page_id=108"},"modified":"2025-08-25T14:19:28","modified_gmt":"2025-08-25T12:19:28","slug":"commencer-les-claquettes-maintenant","status":"publish","type":"page","link":"https:\/\/www.swingtap.com\/blog\/fr\/commencer-les-claquettes-maintenant\/","title":{"rendered":"Commencer les claquettes maintenant"},"content":{"rendered":"\n\n\t<meta itemprop=\"url\" content=\"https:\/\/www.swingtap.com\/blog\/wp-content\/uploads\/Swingtap-Victor-Cuno-cours-de-claquettes-Paris..mp4\" \/><div style=\"width: 640px;\" class=\"wp-video\"><!--[if lt IE 9]><script>document.createElement('video');<\/script><![endif]-->\n<video muted class=\"wp-video-shortcode\" id=\"video-108-1\" width=\"640\" height=\"360\" autoplay=\"1\" preload=\"metadata\" controls=\"controls\"><source type=\"video\/mp4\" src=\"https:\/\/www.swingtap.com\/blog\/wp-content\/uploads\/Swingtap-Victor-Cuno-cours-de-claquettes-Paris..mp4?_=1\" \/><source type=\"video\/mp4\" src=\"https:\/\/www.swingtap.com\/blog\/wp-content\/uploads\/Swingtap-Victor-Cuno-cours-de-claquettes-Paris..mp4?_=1\" \/><a href=\"https:\/\/www.swingtap.com\/blog\/wp-content\/uploads\/Swingtap-Victor-Cuno-cours-de-claquettes-Paris..mp4\">https:\/\/www.swingtap.com\/blog\/wp-content\/uploads\/Swingtap-Victor-Cuno-cours-de-claquettes-Paris..mp4<\/a><\/video><\/div>\n\t<h2>Saison 2025\/2026 : laissez-vous s\u00e9duire par les claquettes !<\/h2>\n<p>Le Niveau 1 est notre niveau d&#8217;accueil !!! Il permet de <strong>commencer les claquettes \u00e0 n&#8217;importe quel moment de la saison<\/strong> !<\/p>\n<p><strong>Venez faire un cours d&#8217;essai !<\/strong> Pas besoin de r\u00e9server, il suffit de venir, et vous pouvez r\u00e9gler le cours sur place ! Le cours d&#8217;essai co\u00fbte 20 \u20ac (90 min.), et u<strong>ne paire de chaussures de claquettes sera mise \u00e0 votre disposition ! <\/strong>Les cours d&#8217;essai sont d\u00e9ductibles lors de l&#8217;inscription \u00e0 notre \u00e9cole. Pour faire votre premier cours, il suffit de vous pr\u00e9senter 5 minutes avant son d\u00e9but.<\/p>\n<p>Pour la suite : les inscriptions \u00e0 notre \u00e9cole peuvent se faire sur place, avant ou apr\u00e8s votre cours.<\/p>\n<p>Tenue vestimentaire : aucune tenue sp\u00e9cifique est exig\u00e9e, soyez \u00e0 l&#8217;aise dans vos v\u00eatements et pr\u00e9voyez un T-Shirt de rechange !<\/p>\n<p>&nbsp;<\/p>\n<p><strong>Programme de notre Niveau 1<\/strong> Mise en place des bases des claquettes. Un premier contact essentiel pour vous mettre \u00e0 l&#8217;aise. Posture, souplesse des genoux, des hanches et des pieds \u00e0 travers des Pas simples et dansants, \u00e9coute de la musique et exercices de rythme. Travail des sons simples et mise en place des techniques sp\u00e9cifiques des claquettes. Un petit encha\u00eenement vous sera propos\u00e9 \u00e0 chaque cours afin de garantir un plaisir instantan\u00e9 !!!<\/p>\n<p><strong>Les Claquettes et Vous&#8230;<\/strong> Le sol est notre instrument. La relation au sol du danseur est donc primordiale : il faut l&#8217;\u00e9tablir. Chacun am\u00e8ne avec lui son v\u00e9cu et exp\u00e9riences personnelles en mouvement, sport ou musique. En fonction de la pr\u00e9sence de ces crit\u00e8res la relation active avec le sol s&#8217;\u00e9tablit plus ou moins vite, et c&#8217;est normal ! Nos cours sont con\u00e7us pour que chacun puisse travailler \u00e0 son rythme, dans la joie et la bonne humeur !<\/p>\n<p><strong>Progresser dans nos cours<\/strong> Venir r\u00e9guli\u00e8rement est tr\u00e8s important pour retenir les s\u00e9quences et les Pas afin de se mettre \u00e0 l&#8217;aise dans les claquettes. Une fois le programme du Niveau 1 acquis, vous pourrez passer au Niveau 2 \u00e0 n&#8217;importe quel moment de la saison. Ce qui est important, c&#8217;est que vous puissiez progresser \u00e0 votre rythme et approfondir les Pas tout en vous amusant !<\/p>\n<h2>Horaires pour commencer<\/h2>\n<p><strong>Niveau 1<\/strong><\/p>\n<p>lundi 18h45 &gt; David<\/p>\n<p>mercredi 20h15 &gt; David<\/p>\n<p>jeudi 18h45 &gt; Victor<\/p>\n<p>vendredi 9h45 &gt; Victor<\/p>\n<p>samedi 10h &gt; Victor<\/p>\n<h2>Extraits de notre tarification<\/h2>\n<p>Frais d&#8217;inscription pour la saison 2025\/2026 : 29 \u20ac<\/p>\n<p>La saison 2025\/2026 sera divis\u00e9e en 3 p\u00e9riodes de 14 cours.<\/p>\n<p>Nos p\u00e9riodes ne sont pas des p\u00e9riodes p\u00e9dagogiques, n&#8217;attendez donc pas le d\u00e9but d&#8217;une p\u00e9riode pour commencer !<\/p>\n<p>Prix par p\u00e9riode*<\/p>\n<ul>\n<li>1 cours \/ semaine (14 cours) : 231 \u20ac<\/li>\n<li>2 cours \/ semaine (28 cours) : 410 \u20ac<\/li>\n<\/ul>\n<h2>P\u00e9riodes tarifaires<\/h2>\n<p><strong>1\u00e8re p\u00e9riode tarifaire<\/strong> &gt; du lundi 1 Septembre au samedi 6 d\u00e9cembre<\/p>\n<p><strong>2\u00e8me p\u00e9riode tarifaire<\/strong> &gt; du lundi 8 d\u00e9cembre au samedi 28 mars<\/p>\n<p><strong>3\u00e8me p\u00e9riode tarifaire<\/strong> &gt; du lundi 30 mars au samedi 4 juillet<\/p>\n<p>Chaque p\u00e9riode, non remboursable, sera payable int\u00e9gralement. Tous les cours doivent imp\u00e9rativement \u00eatre pris avant la fin de chaque p\u00e9riode. Vous pouvez \u00e0 tout moment remplacer ou rattraper un cours !! C&#8217;est m\u00eame vivement conseill\u00e9 !<\/p>\n<p><strong>L&#8217;avantage de l&#8217;\u00c9cole Swingtap<\/strong> : vous \u00eates inscrit pour le cours du lundi mais vous avez un emp\u00eachement : il y a pour vous &#8211; au choix &#8211; un autre cours le mercredi, jeudi, vendredi et samedi !<\/p>\n\t\t\t<a href=\"https:\/\/www.swingtap.com\/blog\/fr\/horaires-tarifs-inscriptions\/\" target=\"_self\" rel=\"noopener\">\n\t\t\t\t\t\t\t\u2022 Horaires \/ Tarifs et Inscriptions\n\t\t\t\t\t<\/a>\n\n","protected":false},"excerpt":{"rendered":"<p>Saison 2025\/2026 : laissez-vous s\u00e9duire par les claquettes ! Le Niveau 1 est notre niveau d&#8217;accueil !!! Il permet de commencer les claquettes \u00e0 n&#8217;importe quel moment de la saison ! Venez faire un cours d&#8217;essai ! Pas besoin de r\u00e9server, il suffit de venir, et vous pouvez r\u00e9gler le cours sur place ! Le&hellip; <a class=\"more-link\" href=\"https:\/\/www.swingtap.com\/blog\/fr\/commencer-les-claquettes-maintenant\/\">Continue reading <span class=\"screen-reader-text\">Commencer les claquettes maintenant<\/span><\/a><\/p>\n<p><a href=\"https:\/\/www.swingtap.com\/blog\/fr\/commencer-les-claquettes-maintenant\/\">Routines and videos&#8230;<\/a><\/p>\n<p><a href=\"https:\/\/www.swingtap.com\/blog\/fr\/commencer-les-claquettes-maintenant\/\">Routines and videos&#8230;<\/a><\/p>\n","protected":false},"author":1,"featured_media":0,"parent":0,"menu_order":1,"comment_status":"closed","ping_status":"open","template":"","meta":[],"_links":{"self":[{"href":"https:\/\/www.swingtap.com\/blog\/wp-json\/wp\/v2\/pages\/108"}],"collection":[{"href":"https:\/\/www.swingtap.com\/blog\/wp-json\/wp\/v2\/pages"}],"about":[{"href":"https:\/\/www.swingtap.com\/blog\/wp-json\/wp\/v2\/types\/page"}],"author":[{"embeddable":true,"href":"https:\/\/www.swingtap.com\/blog\/wp-json\/wp\/v2\/users\/1"}],"replies":[{"embeddable":true,"href":"https:\/\/www.swingtap.com\/blog\/wp-json\/wp\/v2\/comments?post=108"}],"version-history":[{"count":12,"href":"https:\/\/www.swingtap.com\/blog\/wp-json\/wp\/v2\/pages\/108\/revisions"}],"predecessor-version":[{"id":5492,"href":"https:\/\/www.swingtap.com\/blog\/wp-json\/wp\/v2\/pages\/108\/revisions\/5492"}],"wp:attachment":[{"href":"https:\/\/www.swingtap.com\/blog\/wp-json\/wp\/v2\/media?parent=108"}],"curies":[{"name":"wp","href":"https:\/\/api.w.org\/{rel}","templated":true}]}}