{"id":11,"date":"2013-02-11T20:32:22","date_gmt":"2013-02-11T19:31:13","guid":{"rendered":"https:\/\/www.swingtap.com\/?page_id=11"},"modified":"2022-07-21T10:39:47","modified_gmt":"2022-07-21T08:39:47","slug":"schule","status":"publish","type":"page","link":"https:\/\/www.swingtap.com\/blog\/de\/schule\/","title":{"rendered":"Schule"},"content":{"rendered":"\n\n\t<h2>Steptanzschule Victor Cuno<\/h2>\n<p>Eine professionelle Steptanzschule f\u00fcr Amateure und Profis.<\/p>\n<p>N\u00b0 1 im Steptanz in Paris seit 30 Jahren. Unsere Schule, eine der besten in Europa, bietet Ihnen einen Stundenplan mit \u00fcber 20 Kursen pro Woche! Steptanz ist unser Business ! Um unseren Sch\u00fclern eine kontinuierliche Entwicklung garantieren zu k\u00f6nnen, bieten wir Gruppenkurse auf 7 verschiedenen Stufen an: von Stufe 1 (Einf\u00fchrungskurs) bis zur Master Class (professionelles Training).<\/p>\n<p>Methode: amerikanische Steptechnik. Wir unterrichten alle klassischen Stepstile &#8211; von Harlem zum Broadway via Hollywood zu Stomping. Unsere Musik geht von Swing- und Musicalst\u00fccken zu aktuellen Sounds!<\/p>\n<p>Unsere Schule ist ge\u00f6ffnet von Ende August bis Anfang Juli. Alle Levels finden mehrmals pro Woche statt: Morgenkurse, fr\u00fcher Abend \/ sp\u00e4ter Abend.<\/p>\n<p>F\u00fcr spezifische Bed\u00fcrfnisse organisieren wir auch gerne Privatstunden. Ausl\u00e4ndische Stept\u00e4nzer k\u00f6nnen bei uns eine berufliche Weiterbildung machen: Gruppenkurse auf dem entsprechenden Niveau mit eventuellen zus\u00e4tzlichen Privatstunden um auf Ihre pers\u00f6nliche Bed\u00fcrfnisse eingehen zu k\u00f6nnen.<\/p>\n<p>Die Kurse <strong>Swingtap Bastille<\/strong> finden in unserer Schule \/ Boutique statt: 21 Rue Keller, 75011 Paris (M\u00e9tro-Station: Bastille, Voltaire oder Ledru-Rollin).<\/p>\n\n","protected":false},"excerpt":{"rendered":"<p>Steptanzschule Victor Cuno Eine professionelle Steptanzschule f\u00fcr Amateure und Profis. N\u00b0 1 im Steptanz in Paris seit 30 Jahren. Unsere Schule, eine der besten in Europa, bietet Ihnen einen Stundenplan mit \u00fcber 20 Kursen pro Woche! Steptanz ist unser Business ! Um unseren Sch\u00fclern eine kontinuierliche Entwicklung garantieren zu k\u00f6nnen, bieten wir Gruppenkurse auf 7&hellip; <a class=\"more-link\" href=\"https:\/\/www.swingtap.com\/blog\/de\/schule\/\">Continue reading <span class=\"screen-reader-text\">Schule<\/span><\/a><\/p>\n<p><a href=\"https:\/\/www.swingtap.com\/blog\/de\/schule\/\">Routines and videos&#8230;<\/a><\/p>\n<p><a href=\"https:\/\/www.swingtap.com\/blog\/de\/schule\/\">Routines and videos&#8230;<\/a><\/p>\n","protected":false},"author":1,"featured_media":0,"parent":0,"menu_order":0,"comment_status":"closed","ping_status":"open","template":"","meta":[],"_links":{"self":[{"href":"https:\/\/www.swingtap.com\/blog\/wp-json\/wp\/v2\/pages\/11"}],"collection":[{"href":"https:\/\/www.swingtap.com\/blog\/wp-json\/wp\/v2\/pages"}],"about":[{"href":"https:\/\/www.swingtap.com\/blog\/wp-json\/wp\/v2\/types\/page"}],"author":[{"embeddable":true,"href":"https:\/\/www.swingtap.com\/blog\/wp-json\/wp\/v2\/users\/1"}],"replies":[{"embeddable":true,"href":"https:\/\/www.swingtap.com\/blog\/wp-json\/wp\/v2\/comments?post=11"}],"version-history":[{"count":2,"href":"https:\/\/www.swingtap.com\/blog\/wp-json\/wp\/v2\/pages\/11\/revisions"}],"predecessor-version":[{"id":3156,"href":"https:\/\/www.swingtap.com\/blog\/wp-json\/wp\/v2\/pages\/11\/revisions\/3156"}],"wp:attachment":[{"href":"https:\/\/www.swingtap.com\/blog\/wp-json\/wp\/v2\/media?parent=11"}],"curies":[{"name":"wp","href":"https:\/\/api.w.org\/{rel}","templated":true}]}}