{"id":1116,"date":"2013-09-08T14:54:36","date_gmt":"2013-09-08T12:54:36","guid":{"rendered":"https:\/\/www.swingtap.com\/?page_id=1116"},"modified":"2022-03-09T12:59:57","modified_gmt":"2022-03-09T11:59:57","slug":"steptanz","status":"publish","type":"page","link":"https:\/\/www.swingtap.com\/blog\/de\/steptanz\/","title":{"rendered":"Steptanz"},"content":{"rendered":"<div class=\"_warning\">\n  Demn\u00e4chst finden Sie diese Seite in deutscher Sprache\n<\/div>\n<h2>D\u00e9finition des chaussures de claquettes<\/h2>\n<h3>Forme<\/h3>\n<p>Les chaussures de claquettes doivent \u00eatre ajust\u00e9es, c\u2019est-\u00e0-dire que le pied doit \u00eatre envelopp\u00e9 par la chaussure, sans laisser de vide devant les orteils, mais sans que les orteils ne touchent la chaussure. C\u2019est pourquoi, le devant des chaussures de claquettes est d\u2019office fabriqu\u00e9 plus rond par rapport aux chaussures de villes, afin de suivre les contours d\u2019un pied constitu\u00e9 normalement. La largeur des chaussures de claquettes est con\u00e7ue par rapport \u00e0 un pied moyennement large (M). Par rapport \u00e0 cette largeur, certains fabricants proposent une version suppl\u00e9mentaire, plus large (W).<\/p>\n<h3>Hauteur de talon<\/h3>\n<p>La hauteur professionnelle (et id\u00e9ale) du talon est de 3,5 cm, ce qui peut para\u00eetre haut, mais ne l\u2019est point. La hauteur de talon est d\u2019abord ressentie par rapport \u00e0 la forme du talon : plus le talon est affin\u00e9, plus il semble haut&#8230; La hauteur de 3,5 cm est id\u00e9ale puisqu\u2019elle aide \u00e0 pousser le poids du corps davantage sur les orteils, la bonne posture pour faire des claquettes. Elle permet d\u2019\u00eatre dans une position affirmative pour les sons effectu\u00e9s par la plante du pied et de faire sonner les talons sans devoir chercher l\u2019impact (ce qui n\u2019est pas le cas quand le talon est trop plat, il faut fournir davantage d\u2019efforts). Aujourd\u2019hui, pour les chaussures \u00e0 lacets, la moyenne de la hauteur de talon propos\u00e9e par les fabricants tourne aux alentours de 2 cm, un minimum. Conseil pour les femmes : restez \u00e0 votre hauteur habituelle ! Si vous portez quotidiennement des talons, gardez une certaine hauteur de talon pour vos chaussures de claquettes. Pour commencer, \u00e9vitez les talons trop fins qui demandent un maintien parfait de la cheville.<\/p>\n<h3>Le son<\/h3>\n<p>Le bon son des chaussures de claquettes d\u00e9pend de deux facteurs techniques et d\u2019un facteur personnel : l\u2019\u00e9paisseur et la consistance de la semelle et l\u2019\u00e9paisseur des fers, mais surtout la fa\u00e7on de taper des danseurs ! Afin de garantir une bonne souplesse, confortable pour les danseurs, les semelles des chaussures \u00e0 petit prix (et souvent aussi dans la gamme moyenne) sont assez fines. Pour maintenir un bon son malgr\u00e9 tout, mais \u00e9galement pour pallier \u00e0 la minceur de ces semelles, les fabricants proposent maintenant une plaque de carbone, \u00e0 clouer sur la semelle avant de visser le fer. Cette plaque aide \u00e0 une fixation durable et emp\u00eache en m\u00eame temps que les vis ne ressortent \u00e0 l\u2019int\u00e9rieur de la chaussure. Les chaussures de qualit\u00e9 sup\u00e9rieure d\u2019un point de vue technique ont une semelle \u00e9paisse, voier une semelle doubl\u00e9e. La r\u00e9sistance de ces semelles permet des mouvements acrobatiques et le son est naturellement tr\u00e8s fort.<\/p>\n<h3>Confort<\/h3>\n<p>Vous avez le choix entre 2 options : confort imm\u00e9diat ou chaussures \u00ab\u00e0 faire\u00bb. Pour les chaussures au confort imm\u00e9diat, les mati\u00e8res ont \u00e9t\u00e9 pr\u00e9-assouplies ou le cuir est d\u2019office tr\u00e8s souple. Ces chaussures vont s\u2019assouplir encore davantage et \u00e9ventuellement perdre un petit peu leur forme pr\u00e9cise. A terme, le pied est parfois moins maintenu. Les chaussures au cuir plus robuste doivent se faire et vont devenir tr\u00e8s confortable \u00e0 l\u2019usage. Ces chaussures, tr\u00e8s bien ajust\u00e9es, ont une dur\u00e9e de vie sup\u00e9rieure.<\/p>\n<h3>R\u00e9parations des chaussures<\/h3>\n<p>Le d\u00e9faut le plus constat\u00e9, ind\u00e9pendamment de la valeur de la chaussure, est qu\u2019une vis ne tienne plus. Ne tardez pas \u00e0 faire la r\u00e9paration, sinon le trou va s\u2019agrandir \u00e0 chaque fois que vous revisserez et vous risquez d\u2019ab\u00eemer les chaussures! Le proc\u00e9d\u00e9 de r\u00e9paration est simple : mettez quelques gouttes d\u2019une colle super-glu dans le trou. Cette op\u00e9ration doit \u00e9ventuellement \u00eatre r\u00e9p\u00e9t\u00e9e plusieurs fois puisque le cuir absorbe d\u2019abord tout le liquide. Quand la colle ne dispara\u00eet plus, mettez la vis et vissez-la \u00e0 moiti\u00e9. Attendez une minute et vissez \u00e0 fond : si vous sentez un certaine r\u00e9sistance, c\u2019est bon ! Certains professeurs pr\u00e9conisent de desserrer un peu les vis pour obtenir un son plus clinquant : m\u00e9fiez-vous, ceci est uniquement valable pour des semelles tr\u00e8s \u00e9paisses (et une longueur de vis sup\u00e9rieure \u00e0 la normale) ! Si vous optez pour cette solution, vous devez pr\u00e9alablement faire la \u00abr\u00e9paration\u00bb d\u00e9crite ci-dessus.<\/p>\n<h2>Historique<\/h2>\n<h3>Clogs<\/h3>\n<p>Tout a commenc\u00e9 avec les clogs &#8211; les sabots &#8211; port\u00e9s universellement par les travailleurs afin de prot\u00e9ger leurs pieds contre l\u2019humidit\u00e9. Avec le d\u00e9but de l\u2019industrialisation au cours du 18\u00e8me si\u00e8cle ces sabots ont migr\u00e9 des fermes aux manufactures, o\u00f9 les pav\u00e9s des ruelles leur donnaient davantage de son. C\u2019est essentiellement en Angleterre, dans le Lancashire, que la tradition de la danse du sabot a connu un nouvel essor devant les usines, o\u00f9 les ouvriers s\u2019amusaient pendant leur pauses. Avec le succ\u00e8s des Minstrel-Shows d\u00e8s 1840, ces sabots se trouv\u00e8rent vite sur les sc\u00e8nes des Etats-Unis, o\u00f9 des artistes, en grande majorit\u00e9 des immigr\u00e9s irlandais et anglais, montraient leurs danses.<\/p>\n<h3>Split-clogs<\/h3>\n<p>Le tout-bois des sabots n\u2019\u00e9tait pas tr\u00e8s confortable et apparaissait trop rigide pour ajouter des d\u00e9placements sur sc\u00e8ne et tr\u00e8s vite le split-clog a pris le dessus. D\u2019aspect plus \u00abnormal\u00bb par rapport \u00e0 une chaussure de ville, le split-clog \u00e9tait une chaussure en cuir avec une semelle \u00e9paisse en bois. Cette semelle \u00e9tait construite en deux parties &#8211; d\u2019o\u00f9 la d\u00e9signation \u00absplit\u00bb &#8211; afin de permettre un mouvement souple de la cheville. Le bois de la semelle contre le bois de la sc\u00e8ne donnait un tr\u00e8s joli son, ce que nous pouvons constater dans tous les num\u00e9ros de Bill \u2018Bojangles\u2019 Robinson, qui portait des split-clogs jusqu\u2019\u00e0 la fin de sa carri\u00e8re. L\u2019inconv\u00e9nient des split-clogs r\u00e9sidait dans le fait qu\u2019il fallait faire fabriquer ces chaussures sur mesure par un bottier de th\u00e9\u00e2tre, ce qui pr\u00e9sentait un co\u00fbt certain, et que le bois se cassait tr\u00e8s vite&#8230; Bill Robinson usait plus de 35 paires de chaussures par an !<\/p>\n<h3>Le Softshoe<\/h3>\n<p>En revanche, une certaine vari\u00e9t\u00e9 de danses ne se faisaient pas en clogs, chaussures dures (\u00abhard shoes\u00bb, mais en chaussures de ville souples avec une bonne semelle de cuir (les \u00absoft shoes\u00bb). Pour renforcer le son de ces chaussures, les danseurs pouvaient fixer un pi\u00e8ce de monnaie ou une capsule de bouteille aplatie sur la semelle.<\/p>\n<h3>Les Fers<\/h3>\n<p>Les fers sont arriv\u00e9s au tout d\u00e9but des ann\u00e9es 1930 et ont toute de suite pris le dessus, aussi bien pour les soft-shoes que pour les hard-shoes. Les claquettes proprement dites \u00e9taient n\u00e9es ! D\u2019une marque \u00e0 l\u2019autre, le son variait l\u00e9g\u00e8rement, suivant l\u2019alliage d\u2019aluminium utilis\u00e9 lors de la fabrication. L\u2019autre crit\u00e8re de son \u00e9tait l\u2019\u00e9paisseur du fer et donc son poids. Aujourd\u2019hui encore, le \u00abMorgan-Heel\u00bb est le plus pris\u00e9 par les professionnels : il est le plus \u00e9pais ! Pendant de longues ann\u00e9es, les seuls fers de claquettes de bonne qualit\u00e9 disponibles sur le continent \u00e9taient les fers de la marque Capezio, mais aujourd\u2019hui toutes les grandes marques proposent des fers de bonne qualit\u00e9.<\/p>\n","protected":false},"excerpt":{"rendered":"<p>Demn\u00e4chst finden Sie diese Seite in deutscher Sprache D\u00e9finition des chaussures de claquettes Forme Les chaussures de claquettes doivent \u00eatre ajust\u00e9es, c\u2019est-\u00e0-dire que le pied doit \u00eatre envelopp\u00e9 par la chaussure, sans laisser de vide devant les orteils, mais sans que les orteils ne touchent la chaussure. C\u2019est pourquoi, le devant des chaussures de claquettes&hellip; <a class=\"more-link\" href=\"https:\/\/www.swingtap.com\/blog\/de\/steptanz\/\">Continue reading <span class=\"screen-reader-text\">Steptanz<\/span><\/a><\/p>\n<p><a href=\"https:\/\/www.swingtap.com\/blog\/de\/steptanz\/\">Routines and videos&#8230;<\/a><\/p>\n<p><a href=\"https:\/\/www.swingtap.com\/blog\/de\/steptanz\/\">Routines and videos&#8230;<\/a><\/p>\n","protected":false},"author":2,"featured_media":0,"parent":0,"menu_order":0,"comment_status":"closed","ping_status":"closed","template":"","meta":[],"_links":{"self":[{"href":"https:\/\/www.swingtap.com\/blog\/wp-json\/wp\/v2\/pages\/1116"}],"collection":[{"href":"https:\/\/www.swingtap.com\/blog\/wp-json\/wp\/v2\/pages"}],"about":[{"href":"https:\/\/www.swingtap.com\/blog\/wp-json\/wp\/v2\/types\/page"}],"author":[{"embeddable":true,"href":"https:\/\/www.swingtap.com\/blog\/wp-json\/wp\/v2\/users\/2"}],"replies":[{"embeddable":true,"href":"https:\/\/www.swingtap.com\/blog\/wp-json\/wp\/v2\/comments?post=1116"}],"version-history":[{"count":1,"href":"https:\/\/www.swingtap.com\/blog\/wp-json\/wp\/v2\/pages\/1116\/revisions"}],"predecessor-version":[{"id":2645,"href":"https:\/\/www.swingtap.com\/blog\/wp-json\/wp\/v2\/pages\/1116\/revisions\/2645"}],"wp:attachment":[{"href":"https:\/\/www.swingtap.com\/blog\/wp-json\/wp\/v2\/media?parent=1116"}],"curies":[{"name":"wp","href":"https:\/\/api.w.org\/{rel}","templated":true}]}}