{"id":126,"date":"2013-07-29T15:39:48","date_gmt":"2013-07-29T13:39:48","guid":{"rendered":"https:\/\/www.swingtap.com\/?page_id=126"},"modified":"2022-03-09T13:01:24","modified_gmt":"2022-03-09T12:01:24","slug":"comment-commander-des-chaussures","status":"publish","type":"page","link":"https:\/\/www.swingtap.com\/blog\/fr\/comment-commander-des-chaussures\/","title":{"rendered":"Comment commander des chaussures"},"content":{"rendered":"<p>Nous avons calcul\u00e9 les pointures fran\u00e7aises (FR) pour chaque mod\u00e8le afin de tenir compte des diff\u00e9rentes normes de production : vous pouvez donc vous fier \u00e0 votre pointure habituelle !<\/p>\n<p>Si jamais nous n&#8217;\u00eates pas vraiment sur de votre pointure, vous pouvez aussi mesurer votre pied comme d\u00e9crit ci-dessous, mais attention : si ce n&#8217;est pas fait correctement, cela peut vous induire en erreur !<\/p>\n<h2>Mesurer son pied<\/h2>\n<p>[embedyt]https:\/\/youtu.be\/3oiHD8Id_Gg[\/embedyt]<\/p>\n<p><strong>Lire attentivement et suivre toutes les instructions<\/strong><\/p>\n<div class=\"_error\" style=\"float: left; width: 40%; margin-right: 10px; padding: 15px 10px 15px 30px; background-position: 10px 10px;\">\n<h3 style=\"padding-left: 20px;\">CE QU&#8217;IL NE FAUT PAS FAIRE<\/h3>\n<ul>\n<li>mesurer ses chaussures au lieu de son pied<\/li>\n<li>commander la m\u00eame pointure que celle des chaussures que vous portiez avant dans un autre mod\u00e8le<\/li>\n<\/ul>\n<\/div>\n<div class=\"_success\" style=\"float: left; width: 40%; padding: 15px 10px 15px 30px; background-position: 10px 10px;\">\n<h3 style=\"padding-left: 20px;\">CE QU&#8217;IL FAUT FAIRE<\/h3>\n<ul>\n<li>Posez une feuille de papier contre un mur<\/li>\n<li>En chaussettes, posez votre pied sur la feuille, votre talon doit toucher le mur.<\/li>\n<li>Mettez une r\u00e8gle devant l\u2019extr\u00e9mit\u00e9 la plus en avant de votre pied et tracez une ligne du c\u00f4t\u00e9 du pied<\/li>\n<li>Mesurez la longueur entre le bord de la feuille et le rep\u00e8re que vous avez trac\u00e9.<\/li>\n<li>Par s\u00e9curit\u00e9, nous vous recommandons de faire cet exercice tant pour le pied droit que pour le pied gauche et de prendre en consid\u00e9ration la plus grande longueur !<\/li>\n<\/ul>\n<\/div>\n<h2>D\u00e9finir la bonne pointure<\/h2>\n<h2>&gt; N&#8217;oubliez pas l&#8217;ajout indiqu\u00e9 sur notre site pour chaque mod\u00e8le !<\/h2>\n<p>La longueur de votre pied + l&#8217;ajout donnent la longueur n\u00e9cessaire de la chaussure en cm. Prenez toujours la pointure \u00e9gale ou l\u00e9g\u00e8rement au-dessus par rapport \u00e0 votre r\u00e9sultat. L\u00e9g\u00e8rement en dessous vous serez trop serr\u00e9! Certains mod\u00e8les sont propos\u00e9s en deux largeurs: n&#8217;oubliez pas d&#8217;inclure la largeur choisie lors de votre commande. Si vous devez porter une semelle: ajoutez au moins une demi-pointure<\/p>\n<h3>Chaussures enfants<\/h3>\n<p>Si vous voulez que les enfants puissent garder leurs chaussures pendant toute une saison: ajoutez au moins 5mm et mettez une semelle et des chaussettes de tennis pour commencer.<\/p>\n<p>Obligatoire : Finalisez votre commande sur notre site &#8211; un avantage pour tout le monde ! Ainsi nous avons tous les \u00e9l\u00e9ments pour vous joindre tr\u00e8s rapidement.<\/p>\n<h3>extraits de nos conditions de vente:<\/h3>\n<p>\u00c9CHANGE si vous n&#8217;\u00eates pas enti\u00e8rement satisfait de vos chaussures, vous pouvez les \u00e9changer, sous 15 jours \u00e0 condition qu&#8217;elles n&#8217;aient pas \u00e9t\u00e9 utilis\u00e9es<\/p>\n<p>Attention: \u00e9change gratuit des chaussures de la gamme &#8220;premier prix&#8221; et de certains mod\u00e8les en promo uniquement au magasin ! Si vous d\u00e9sirez \u00e9changer des chaussures dans cette gamme par correspondance vous devez pr\u00e9alablement r\u00e9gler les frais de port du deuxi\u00e8me envoi.<\/p>\n<p>Pour les gammes &#8220;mod\u00e8les sup\u00e9rieurs&#8221; et &#8220;mod\u00e8les haut de gamme&#8221; les frais de port pour nous retourner les chaussures seront \u00e0 votre charge; en revanche l&#8217;envoi d&#8217;une nouvelle paire sera gratuit !<\/p>\n<p>Annulation de ventes: une retenue de 10 \u20ac sera appliqu\u00e9e pour chaque vente annul\u00e9e.<\/p>\n<p>Si un article qui figure sur le site n&#8217;est plus disponible, vous serez rembours\u00e9 int\u00e9gralement !<\/p>\n","protected":false},"excerpt":{"rendered":"<p>Nous avons calcul\u00e9 les pointures fran\u00e7aises (FR) pour chaque mod\u00e8le afin de tenir compte des diff\u00e9rentes normes de production : vous pouvez donc vous fier \u00e0 votre pointure habituelle ! Si jamais nous n&#8217;\u00eates pas vraiment sur de votre pointure, vous pouvez aussi mesurer votre pied comme d\u00e9crit ci-dessous, mais attention : si ce n&#8217;est&hellip; <a class=\"more-link\" href=\"https:\/\/www.swingtap.com\/blog\/fr\/comment-commander-des-chaussures\/\">Continue reading <span class=\"screen-reader-text\">Comment commander des chaussures<\/span><\/a><\/p>\n<p><a href=\"https:\/\/www.swingtap.com\/blog\/fr\/comment-commander-des-chaussures\/\">Routines and videos&#8230;<\/a><\/p>\n<p><a href=\"https:\/\/www.swingtap.com\/blog\/fr\/comment-commander-des-chaussures\/\">Routines and videos&#8230;<\/a><\/p>\n","protected":false},"author":1,"featured_media":0,"parent":0,"menu_order":3,"comment_status":"closed","ping_status":"closed","template":"","meta":[],"_links":{"self":[{"href":"https:\/\/www.swingtap.com\/blog\/wp-json\/wp\/v2\/pages\/126"}],"collection":[{"href":"https:\/\/www.swingtap.com\/blog\/wp-json\/wp\/v2\/pages"}],"about":[{"href":"https:\/\/www.swingtap.com\/blog\/wp-json\/wp\/v2\/types\/page"}],"author":[{"embeddable":true,"href":"https:\/\/www.swingtap.com\/blog\/wp-json\/wp\/v2\/users\/1"}],"replies":[{"embeddable":true,"href":"https:\/\/www.swingtap.com\/blog\/wp-json\/wp\/v2\/comments?post=126"}],"version-history":[{"count":1,"href":"https:\/\/www.swingtap.com\/blog\/wp-json\/wp\/v2\/pages\/126\/revisions"}],"predecessor-version":[{"id":2626,"href":"https:\/\/www.swingtap.com\/blog\/wp-json\/wp\/v2\/pages\/126\/revisions\/2626"}],"wp:attachment":[{"href":"https:\/\/www.swingtap.com\/blog\/wp-json\/wp\/v2\/media?parent=126"}],"curies":[{"name":"wp","href":"https:\/\/api.w.org\/{rel}","templated":true}]}}