{"id":1315,"date":"2013-09-20T13:58:35","date_gmt":"2013-09-20T11:58:35","guid":{"rendered":"https:\/\/www.swingtap.com\/?page_id=1315"},"modified":"2023-08-25T11:36:36","modified_gmt":"2023-08-25T09:36:36","slug":"david-lasserre","status":"publish","type":"page","link":"https:\/\/www.swingtap.com\/blog\/fr\/nos-professeurs\/david-lasserre\/","title":{"rendered":"David Lasserre"},"content":{"rendered":"\n\n\t<p><img loading=\"lazy\" src=\"https:\/\/www.swingtap.com\/blog\/wp-content\/uploads\/DAVID-1-200x300.jpg\" alt=\"\" width=\"344\" height=\"517\" \/><\/p>\n<p><strong>Actualit\u00e9 :<\/strong><\/p>\nCom\u00e9dien, danseur \u00e0 claquettes pour le dernier film de Nessim Chikhaoui \u00ab Petites Mains \u00bb sortie pr\u00e9vue D\u00e9cembre 2023 avec Corinne Masiero.<br \/>\nSortie Premier Album \u00ab Sur Le Fil \u00bb Album Pop en streaming.<br \/>\nSortie Nouveau Single \u00ab Amor Amor \u00bb pr\u00e9vue en novembre 2023.\n<p>&nbsp;<\/p>\n<p>&nbsp;<\/p>\n<p>&nbsp;<\/p>\n<p>&nbsp;<\/p>\n<p>&nbsp;<\/p>\n<p><strong>De 2001 \u00e0 aujourd&#8217;hui<\/strong> &gt; Professeur de claquettes chez SWINGTAP (Paris 11)<\/p>\n<p><strong>De 2011 \u00e0 aujourd&#8217;hui<\/strong> &gt; Professeur de claquettes au Centre d&#8217;Animation Arras (Paris 5)<\/p>\n<p><strong>De 2018 \u00e0 aujourd&#8217;hui<\/strong> &gt; Professeur de claquettes pour les la Maitrise de l&#8217;Op\u00e9ra Comique<\/p>\n<p><strong>Saisons d&#8217;\u00e9t\u00e9 \u00e0 partir de 2017<\/strong> &gt; Concerts \u00e9v\u00e9nementiels chant et claquettes en solo.<\/p>\n<p><strong>Novembre 2019 \u00e0 Janvier 2020<\/strong> &gt; Assistant de Victor Cuno pour l&#8217;atelier \u00ab Initiation Claquettes \u00bb en pr\u00e9ambule des repr\u00e9sentations de \u00ab Un Am\u00e9ricain \u00e0 Paris \u00bb au Th\u00e9\u00e2tre du Ch\u00e2telet (Paris 1er)<\/p>\n<p><strong>Juillet 2019<\/strong> &gt; Chor\u00e9graphe et formateur claquettes de Vanessa Paradis pour le film \u00ab Cette musique ne joue pour personne \u00bb de Samuel Bench\u00e9trit<\/p>\n<p><strong>De Mars 2018 \u00e0 Janvier 2019<\/strong> &gt; Chor\u00e9graphe et formateur claquettes de la troupe \u00ab Les Idoles \u00bb de Christophe Honor\u00e9 au th\u00e9\u00e2tre de l&#8217;Od\u00e9on (Paris 6)<\/p>\n<p><strong>Novembre 2017 \u00e0 Janvier 2018<\/strong> &gt; Assistant de Victor Cuno pour l&#8217;atelier \u00ab Initiation Claquettes \u00bb en pr\u00e9ambule des repr\u00e9sentations de \u00ab Singin&#8217; in the Rain \u00bb au Grand Palais (Paris 8)<\/p>\n<p><strong>De Juin \u00e0 Septembre 2016<\/strong> &gt; Formateur claquettes de la troupe \u00ab Oliver Twist Le Musical \u00bb d&#8217;Alexandre Piot (mis en sc\u00e8ne de Ladislas Cholat) \u00e0 la salle Gaveau (Paris 8)<\/p>\n<p><strong>Mai 2014<\/strong> &gt; Chanteur et danseur de claquettes au Casino Barri\u00e8re de Bordeaux.<\/p>\n<p><strong>D\u00e9cembre 2012<\/strong> &gt; One Man Show \u00ab FOLIZ \u00bb (Chant, Com\u00e9die, Claquettes)<\/p>\n<p><strong>Avril-Mai 2008<\/strong> &gt; Chor\u00e9graphe claquettes, danseur, et com\u00e9dien pour le film \u00ab Le code a chang\u00e9 \u00bb de Dani\u00e8le Thompson (sortie f\u00e9vrier 2009).<\/p>\n<p><strong>Janvier 2007<\/strong> &gt; Tour de chant dans le spectacle \u00ab VOGUE 80 \u00bb<\/p>\n<p>J<strong>uillet 2006<\/strong> &gt; Tour de chant et num\u00e9ro claquettes, dans diff\u00e9rents h\u00f4tels en Europe<\/p>\n<strong>Mai 2006<\/strong> &gt; R\u00f4le principal dans la com\u00e9die musicale \u00ab Le Petit Chose Europeanstageprod.<br \/>\nR\u00f4le du prince dans la com\u00e9die musicale \u00ab La Petite Fille aux Allumettes \u00bb\n<p><strong>Ao\u00fbt 2005<\/strong> &gt; Choriste dans l&#8217;orchestre Ren\u00e9 COLL (Tourn\u00e9e \u00e9t\u00e9 2005).<\/p>\n<p><strong>Septembre 2005<\/strong> &gt; Chroniqueur sur le th\u00e8me de la com\u00e9die musicale dans l&#8217;\u00e9mission Tutti Frutti avec l&#8217;animateur Nagui &#8211; (Air production).<\/p>\n<strong>Avril 2003<\/strong> &gt; Chanteur et danseur dans la l&#8217;op\u00e9rette \u00ab Belle \u00e9poque \u00bb produit et mis en sc\u00e8ne par Jack GERVAIS.<br \/>\nChoriste dans l&#8217;op\u00e9rette \u00ab Les mousquetaires au couvent \u00bb de Alain BISKUP.\n<p><strong>FORMATIONS PROFESSIONNELLES<\/strong><\/p>\n<p>2013\/2014 Chant &#8211; Coaching vocal au Laboratoire de la Voix avec Gilles BUGEAUD<\/p>\n1997\/2006 Claquettes &#8211; SWINGTAP &#8211; niveau professionnel &#8211; Ecole Victor CUNO.<br \/>\n1998\/2001 Th\u00e9\u00e2tre &#8211; Formation de 2 ann\u00e9es cons\u00e9cutives au Cours FLORENT.<br \/>\n1995\/1998 Chant &#8211; Conservatoire de Musique \u00e0 NARBONNE\nFormation T\u00e9nor 2.<br \/>\n&#8211; Cours particuliers Jean SALOMERO \u00e0 Paris.\n1995\/1998 Danse &#8211; Danse de salon (tango, rock &#8216;n roll, cha-cha-cha, samba)<br \/>\n1998 Concours &#8211; 1ier Champion de France de tango argentin\n<p>&nbsp;<\/p>\n<p>&nbsp;<\/p>\n<p>&nbsp;<\/p>\n\n","protected":false},"excerpt":{"rendered":"<p>Actualit\u00e9 : Com\u00e9dien, danseur \u00e0 claquettes pour le dernier film de Nessim Chikhaoui \u00ab Petites Mains \u00bb sortie pr\u00e9vue D\u00e9cembre 2023 avec Corinne Masiero. Sortie Premier Album \u00ab Sur Le Fil \u00bb Album Pop en streaming. Sortie Nouveau Single \u00ab Amor Amor \u00bb pr\u00e9vue en novembre 2023. &nbsp; &nbsp; &nbsp; &nbsp; &nbsp; De 2001 \u00e0&hellip; <a class=\"more-link\" href=\"https:\/\/www.swingtap.com\/blog\/fr\/nos-professeurs\/david-lasserre\/\">Continue reading <span class=\"screen-reader-text\">David Lasserre<\/span><\/a><\/p>\n<p><a href=\"https:\/\/www.swingtap.com\/blog\/fr\/nos-professeurs\/david-lasserre\/\">Routines and videos&#8230;<\/a><\/p>\n<p><a href=\"https:\/\/www.swingtap.com\/blog\/fr\/nos-professeurs\/david-lasserre\/\">Routines and videos&#8230;<\/a><\/p>\n","protected":false},"author":1,"featured_media":0,"parent":23,"menu_order":0,"comment_status":"closed","ping_status":"closed","template":"","meta":[],"_links":{"self":[{"href":"https:\/\/www.swingtap.com\/blog\/wp-json\/wp\/v2\/pages\/1315"}],"collection":[{"href":"https:\/\/www.swingtap.com\/blog\/wp-json\/wp\/v2\/pages"}],"about":[{"href":"https:\/\/www.swingtap.com\/blog\/wp-json\/wp\/v2\/types\/page"}],"author":[{"embeddable":true,"href":"https:\/\/www.swingtap.com\/blog\/wp-json\/wp\/v2\/users\/1"}],"replies":[{"embeddable":true,"href":"https:\/\/www.swingtap.com\/blog\/wp-json\/wp\/v2\/comments?post=1315"}],"version-history":[{"count":3,"href":"https:\/\/www.swingtap.com\/blog\/wp-json\/wp\/v2\/pages\/1315\/revisions"}],"predecessor-version":[{"id":3394,"href":"https:\/\/www.swingtap.com\/blog\/wp-json\/wp\/v2\/pages\/1315\/revisions\/3394"}],"up":[{"embeddable":true,"href":"https:\/\/www.swingtap.com\/blog\/wp-json\/wp\/v2\/pages\/23"}],"wp:attachment":[{"href":"https:\/\/www.swingtap.com\/blog\/wp-json\/wp\/v2\/media?parent=1315"}],"curies":[{"name":"wp","href":"https:\/\/api.w.org\/{rel}","templated":true}]}}