{"id":1360,"date":"2013-09-30T15:18:46","date_gmt":"2013-09-30T13:16:11","guid":{"rendered":"https:\/\/www.swingtap.com\/?page_id=1360"},"modified":"2014-03-05T14:20:53","modified_gmt":"2014-03-05T13:20:53","slug":"a-propos-de-nous","status":"publish","type":"page","link":"https:\/\/www.swingtap.com\/blog\/fr\/a-propos-de-nous\/","title":{"rendered":"A propos de nous"},"content":{"rendered":"<p>La soci\u00e9t\u00e9 SWINGTAP Sarl est cr\u00e9\u00e9e en 1992 par Victor Cuno, danseur, chor\u00e9graphe et professeur de claquettes depuis plus de 20 ans.<\/p>\n<p>Le but d\u00e9clar\u00e9 de SWINGTAP est de promouvoir tous les aspects des claquettes.<\/p>\n<p>SWINGTAP dirige l&#8217; &#8220;Ecole Victor Cuno&#8221; \u00e0 Paris, la plus grande Ecole de Claquettes en Europe avec 7 niveaux (de l&#8217;initiation au Master Class) et plus de 20 cours par semaine.<\/p>\n<p>Victor Cuno est un &#8220;teacher&#8217;s teacher&#8221;, le &#8220;pof des profs&#8221;. Depuis 1981, il donne ses cours de claquettes \u00e0 Paris. Il monte plusieurs spectacles, jou\u00e9s \u00e0 Paris en tourn\u00e9e internationale. L&#8217; &#8220;Ecole Victor Cuno&#8221;, c&#8217;est les cours \u00e0 Paris, des stages internationaux avec des professeurs invit\u00e9s, la formation et la formation continue pour les professionnels du spectacle, des cours priv\u00e9s et du coaching chor\u00e9graphique pour des films, la t\u00e9l\u00e9vision, les spectacles et des comp\u00e9titions internationales.<\/p>\n<p>L&#8217;exp\u00e9rience professionnelle dans le domaine des claquettes nous a amen\u00e9 \u00e0 cr\u00e9er un magasin sp\u00e9cialis\u00e9 : le plus grand choix de chaussures, fers, livres, DVDs et CDs est s\u00e9lectionn\u00e9 selon des crit\u00e8res de qualit\u00e9 pour satisfaire une demande grandissante en France et dans le monde entier.<\/p>\n<p>Afin de diversifier l&#8217;offre en mati\u00e8re de claquettes nous sommes tourn\u00e9s vers des sp\u00e9cialistes et nous avons jusqu&#8217;\u00e0 pr\u00e9sent cr\u00e9e 6 CDs avec des musiques pour la pratique des claquettes et 2 livres p\u00e9dagogiques. Un grand nombre d&#8217;analyses chor\u00e9graphiques et livres de recherches techniques est d\u00e9sormais disponible au format PDF. Des petites vid\u00e9os d&#8217;entra\u00eenement sont en cours de production.<\/p>\n<p>Notre \u00e9cole et notre magasin sont situ\u00e9es au c\u0153ur de Paris dans le quartier de la Bastille.<\/p>\n<p>N&#8217;h\u00e9sitez pas \u00e0 nous contacter pour toute information sur nos activit\u00e9s !<\/p>\n<p>A tr\u00e8s vite alors !<\/p>\n<p>SWINGTAP ECOLE &amp; BOUTIQUE &#8216;CLAQUETTES&#8217; Ouverte du mardi au vendredi de 14h \u00e0 18h30, samedi de 12h \u00e0 19h M\u00e9tro : Bastille \/ Ledru Rollin \/ Voltaire 21 rue Keller, 75011 Paris<\/p>\n<p>e-mail: swingtap@gmail.com<\/p>\n<p>T\u00e9l. 01 48 06 38 18 \/ Fax 01 48 06 95 15<\/p>\n<p>Swingtap Sarl au capital de 20100 \u20ac \/ RC Paris 491 683 363 \/ TVA Intracommunautaire : FR 07 491 683 363<\/p>\n","protected":false},"excerpt":{"rendered":"<p>La soci\u00e9t\u00e9 SWINGTAP Sarl est cr\u00e9\u00e9e en 1992 par Victor Cuno, danseur, chor\u00e9graphe et professeur de claquettes depuis plus de 20 ans. Le but d\u00e9clar\u00e9 de SWINGTAP est de promouvoir tous les aspects des claquettes. SWINGTAP dirige l&#8217; &#8220;Ecole Victor Cuno&#8221; \u00e0 Paris, la plus grande Ecole de Claquettes en Europe avec 7 niveaux (de&hellip; <a class=\"more-link\" href=\"https:\/\/www.swingtap.com\/blog\/fr\/a-propos-de-nous\/\">Continue reading <span class=\"screen-reader-text\">A propos de nous<\/span><\/a><\/p>\n<p><a href=\"https:\/\/www.swingtap.com\/blog\/fr\/a-propos-de-nous\/\">Routines and videos&#8230;<\/a><\/p>\n<p><a href=\"https:\/\/www.swingtap.com\/blog\/fr\/a-propos-de-nous\/\">Routines and videos&#8230;<\/a><\/p>\n","protected":false},"author":2,"featured_media":0,"parent":0,"menu_order":6,"comment_status":"closed","ping_status":"closed","template":"","meta":[],"_links":{"self":[{"href":"https:\/\/www.swingtap.com\/blog\/wp-json\/wp\/v2\/pages\/1360"}],"collection":[{"href":"https:\/\/www.swingtap.com\/blog\/wp-json\/wp\/v2\/pages"}],"about":[{"href":"https:\/\/www.swingtap.com\/blog\/wp-json\/wp\/v2\/types\/page"}],"author":[{"embeddable":true,"href":"https:\/\/www.swingtap.com\/blog\/wp-json\/wp\/v2\/users\/2"}],"replies":[{"embeddable":true,"href":"https:\/\/www.swingtap.com\/blog\/wp-json\/wp\/v2\/comments?post=1360"}],"version-history":[{"count":0,"href":"https:\/\/www.swingtap.com\/blog\/wp-json\/wp\/v2\/pages\/1360\/revisions"}],"wp:attachment":[{"href":"https:\/\/www.swingtap.com\/blog\/wp-json\/wp\/v2\/media?parent=1360"}],"curies":[{"name":"wp","href":"https:\/\/api.w.org\/{rel}","templated":true}]}}