{"id":1364,"date":"2013-09-30T15:18:46","date_gmt":"2013-09-30T13:18:46","guid":{"rendered":"https:\/\/www.swingtap.com\/?page_id=1364"},"modified":"2013-09-30T15:18:46","modified_gmt":"2013-09-30T13:18:46","slug":"wer-sind-wir","status":"publish","type":"page","link":"https:\/\/www.swingtap.com\/blog\/de\/wer-sind-wir\/","title":{"rendered":"Wer sind wir ?"},"content":{"rendered":"<p>Erkl\u00e4rtes Ziel von Swingtap ist die F\u00f6rderung von Steptanz unter allen Aspekten.<\/p>\n<p>SWINGTAP leitet die &#8220;Ecole Victor Cuno&#8221; in Paris, Europas gr\u00f6sste Schule f\u00fcr Steptanz mit 7 Niveaustufen (Anf\u00e4nger bis Master Class) und \u00fcber 20 Kursen pro Woche.<\/p>\n<p>Victor Cuno ist ein &#8220;teacher&#8217;s teacher&#8221;: Workshops, Privatstunden, Training von Profit\u00e4nzern und Coaching f\u00fcr Auff\u00fchrungen und Wettbewerbe in Frankreich und Europa.<\/p>\n<p>Die langj\u00e4hrige Erfahrung mit dem Steptanz f\u00fchrte uns zur Gr\u00fcndung eines internationalen Fachgesch\u00e4fts f\u00fcr Step. Schuhe, Eisen, B\u00fccher, DVDs, CDs und viele andere Artikel haben wir nach h\u00f6chsten Qualit\u00e4tsanspr\u00fcchen ausgew\u00e4hlt.<\/p>\n<p>Die bereits existierende Produktpalette erweitern wir fortlaufend durch Eigenproduktionen. In Zusammenarbeit mit ausgew\u00e4hlten Spezialisten haben wir 6 CDs mit Stepmusik, 2 Lehrb\u00fccher und zahlreiche choreographische Analysen in deutscher Sprache herausgebracht.<\/p>\n<p>Unser Showroom im Zentrum von Paris ist leicht erreichbar (Metrostation : Bastille). F\u00fcr weitere Informationen stehen wir Ihnen jederzeit gerne zur Verf\u00fcgung.<\/p>\n<p>Steptanz f\u00fcr alle und auf allen Stufen : Spass f\u00fcr die Amateure und berufliche Ausbildung f\u00fcr die Profis.<\/p>\n<p>SWINGTAP SCHULE &amp; BOUTIQUE &#8216;CLAQUETTES&#8217;<br \/>\n\u00d6ffnungszeiten: Dienstag bis Freitag 14 Uhr bis 18 Uhr 30, Samstag von 12 bis 19 Uhr<br \/>\nM\u00e9tro : Bastille \/ Ledru Rollin \/ Voltaire<br \/>\n21 rue Keller, 75011 Paris<\/p>\n<p>e-mail: swingtap@gmail.com<\/p>\n<p>T\u00e9l. 01 48 06 38 18 \/ Fax 01 48 06 95 15<\/p>\n<p>Swingtap Sarl au capital de 20100 \u20ac \/ RC Paris 491 683 363<\/p>\n<p>europ\u00e4ische Steuernumer : FR 07 491 683 363<\/p>\n","protected":false},"excerpt":{"rendered":"<p>Erkl\u00e4rtes Ziel von Swingtap ist die F\u00f6rderung von Steptanz unter allen Aspekten. SWINGTAP leitet die &#8220;Ecole Victor Cuno&#8221; in Paris, Europas gr\u00f6sste Schule f\u00fcr Steptanz mit 7 Niveaustufen (Anf\u00e4nger bis Master Class) und \u00fcber 20 Kursen pro Woche. Victor Cuno ist ein &#8220;teacher&#8217;s teacher&#8221;: Workshops, Privatstunden, Training von Profit\u00e4nzern und Coaching f\u00fcr Auff\u00fchrungen und Wettbewerbe&hellip; <a class=\"more-link\" href=\"https:\/\/www.swingtap.com\/blog\/de\/wer-sind-wir\/\">Continue reading <span class=\"screen-reader-text\">Wer sind wir ?<\/span><\/a><\/p>\n<p><a href=\"https:\/\/www.swingtap.com\/blog\/de\/wer-sind-wir\/\">Routines and videos&#8230;<\/a><\/p>\n<p><a href=\"https:\/\/www.swingtap.com\/blog\/de\/wer-sind-wir\/\">Routines and videos&#8230;<\/a><\/p>\n","protected":false},"author":1,"featured_media":0,"parent":0,"menu_order":6,"comment_status":"closed","ping_status":"closed","template":"","meta":[],"_links":{"self":[{"href":"https:\/\/www.swingtap.com\/blog\/wp-json\/wp\/v2\/pages\/1364"}],"collection":[{"href":"https:\/\/www.swingtap.com\/blog\/wp-json\/wp\/v2\/pages"}],"about":[{"href":"https:\/\/www.swingtap.com\/blog\/wp-json\/wp\/v2\/types\/page"}],"author":[{"embeddable":true,"href":"https:\/\/www.swingtap.com\/blog\/wp-json\/wp\/v2\/users\/1"}],"replies":[{"embeddable":true,"href":"https:\/\/www.swingtap.com\/blog\/wp-json\/wp\/v2\/comments?post=1364"}],"version-history":[{"count":0,"href":"https:\/\/www.swingtap.com\/blog\/wp-json\/wp\/v2\/pages\/1364\/revisions"}],"wp:attachment":[{"href":"https:\/\/www.swingtap.com\/blog\/wp-json\/wp\/v2\/media?parent=1364"}],"curies":[{"name":"wp","href":"https:\/\/api.w.org\/{rel}","templated":true}]}}