{"id":1379,"date":"2013-10-05T01:08:47","date_gmt":"2013-10-04T23:00:31","guid":{"rendered":"https:\/\/www.swingtap.com\/?page_id=1379"},"modified":"2022-03-09T13:00:58","modified_gmt":"2022-03-09T12:00:58","slug":"ferrer-des-chaussures","status":"publish","type":"page","link":"https:\/\/www.swingtap.com\/blog\/fr\/ferrer-des-chaussures\/","title":{"rendered":"Ferrer des chaussures"},"content":{"rendered":"\n<h2>Conditions n\u00e9cessaires<\/h2>\n\n\n\n<p>Mettre des fers de claquettes sur des chaussures de ville : c\u2019est possible, mais \u00e0 quelques conditions !<\/p>\n\n\n\n<ul><li>La semelle doit \u00eatre suffisamment \u00e9paisse pour que les vis ne ressortent pas \u00e0 l\u2019int\u00e9rieur.<\/li><li>A d\u00e9faut d\u2019\u00eatre en cuir, la semelle doit \u00eatre en plastique tr\u00e8s dur. Sur les baskets ou des sneakers c\u2019est impossible !<\/li><li>Le devant de la chaussure doit \u00eatre arrondi. \u00c9vitez des chaussures \u00e0 bout carr\u00e9 ou pointues : vous ne trouverez pas de fers avec ces formes.<\/li><li>Afin de garantir un bon son et une bonne tenue des fers une plaque de carbone doit \u00eatre clou\u00e9 sur la semelle avant de visser le fer.<\/li><\/ul>\n\n\n\n<h2>La proc\u00e9dure<\/h2>\n\n\n\n<ul><li>Vous devez vous procurer une paire de chaussures pour que la semelle soit droite. Evitez les chaussures port\u00e9es longtemps : l\u2019usure in\u00e9gale de la semelle emp\u00eache la bonne fixation des fers.<\/li><li>Vous devez ensuite acheter des fers adapt\u00e9s aux contours de la semelle<\/li><li>Derni\u00e8re \u00e9tape : un cordonnier doit faire le montage. Tout le monde peut visser des fers sur une semelle, mais clouer la plaque de carbone sans que les clous ressortent \u00e0 l\u2019int\u00e9rieur : c\u2019est un m\u00e9tier !<\/li><\/ul>\n\n\n\n<h2>Le Co\u00fbt<\/h2>\n\n\n\n<div class=\"wp-container-1 wp-block-group has-purple-background-color has-background\"><div class=\"wp-block-group__inner-container\">\n<figure class=\"wp-block-table is-style-regular\"><table><tbody><tr><td>Achat de chaussures dans une solderie<\/td><td>12,00 \u20ac<\/td><\/tr><tr><td>Achat des fers (les moins chers)<\/td><td>11,90 \u20ac<\/td><\/tr><tr><td>Le montage du cordonnier<\/td><td>10,00 \u20ac<\/td><\/tr><\/tbody><tfoot><tr><td>Total<\/td><td>33,90 \u20ac<\/td><\/tr><\/tfoot><\/table><\/figure>\n<\/div><\/div>\n\n\n<p>[table delimiter=&#8221;|&#8221; th=&#8221;0&#8243;]<\/p>\n<p>|<\/p>\n<p>|1<\/p>\n<p>|1<\/p>\n<p>|[\/table]<\/p>\n\n\n\n<p>Pour les enfants la plupart des chaussures de claquettes, bien adapt\u00e9es et \u00e9quip\u00e9es, reviennent moins ch\u00e8res. Pour les femmes il y a des chaussures \u00e0 partir de 27,95 \u20ac. Pour les hommes (hors soldes et fins de s\u00e9ries) il faut compter 50 \u20ac, et vous aurez un bon produit sp\u00e9cialement con\u00e7u pour faire des claquettes !<\/p>\n","protected":false},"excerpt":{"rendered":"<p>Conditions n\u00e9cessaires Mettre des fers de claquettes sur des chaussures de ville : c\u2019est possible, mais \u00e0 quelques conditions ! La semelle doit \u00eatre suffisamment \u00e9paisse pour que les vis ne ressortent pas \u00e0 l\u2019int\u00e9rieur. A d\u00e9faut d\u2019\u00eatre en cuir, la semelle doit \u00eatre en plastique tr\u00e8s dur. Sur les baskets ou des sneakers c\u2019est&hellip; <a class=\"more-link\" href=\"https:\/\/www.swingtap.com\/blog\/fr\/ferrer-des-chaussures\/\">Continue reading <span class=\"screen-reader-text\">Ferrer des chaussures<\/span><\/a><\/p>\n<p><a href=\"https:\/\/www.swingtap.com\/blog\/fr\/ferrer-des-chaussures\/\">Routines and videos&#8230;<\/a><\/p>\n<p><a href=\"https:\/\/www.swingtap.com\/blog\/fr\/ferrer-des-chaussures\/\">Routines and videos&#8230;<\/a><\/p>\n","protected":false},"author":2,"featured_media":0,"parent":0,"menu_order":2,"comment_status":"closed","ping_status":"closed","template":"","meta":[],"_links":{"self":[{"href":"https:\/\/www.swingtap.com\/blog\/wp-json\/wp\/v2\/pages\/1379"}],"collection":[{"href":"https:\/\/www.swingtap.com\/blog\/wp-json\/wp\/v2\/pages"}],"about":[{"href":"https:\/\/www.swingtap.com\/blog\/wp-json\/wp\/v2\/types\/page"}],"author":[{"embeddable":true,"href":"https:\/\/www.swingtap.com\/blog\/wp-json\/wp\/v2\/users\/2"}],"replies":[{"embeddable":true,"href":"https:\/\/www.swingtap.com\/blog\/wp-json\/wp\/v2\/comments?post=1379"}],"version-history":[{"count":7,"href":"https:\/\/www.swingtap.com\/blog\/wp-json\/wp\/v2\/pages\/1379\/revisions"}],"predecessor-version":[{"id":2634,"href":"https:\/\/www.swingtap.com\/blog\/wp-json\/wp\/v2\/pages\/1379\/revisions\/2634"}],"wp:attachment":[{"href":"https:\/\/www.swingtap.com\/blog\/wp-json\/wp\/v2\/media?parent=1379"}],"curies":[{"name":"wp","href":"https:\/\/api.w.org\/{rel}","templated":true}]}}