{"id":14,"date":"2013-02-11T20:51:42","date_gmt":"2013-02-11T19:51:42","guid":{"rendered":"https:\/\/www.swingtap.com\/?page_id=14"},"modified":"2022-03-09T13:00:57","modified_gmt":"2022-03-09T12:00:57","slug":"apprendre-les-claquettes","status":"publish","type":"page","link":"https:\/\/www.swingtap.com\/blog\/fr\/apprendre-les-claquettes\/","title":{"rendered":"Apprendre les claquettes"},"content":{"rendered":"<p>Pour bien apprendre les claquettes, une r\u00e9gularit\u00e9 s&#8217;impose. <strong>Un cours par semaine<\/strong> est le <strong>minimum n\u00e9cessaire pour faire des progr\u00e8s<\/strong> et vous sentir \u00e0 l&#8217;aise. Le grand choix dans nos horaires vous permet de ne pas louper de cours !<\/p>\n<p>Si vous d\u00e9sirez progresser rapidement, nous vous conseillons de venir <strong>deux fois par semaine<\/strong>. Ainsi l&#8217;entr\u00e9e en mati\u00e8re se fait beaucoup plus vite et <strong>les Pas restent beaucoup plus pr\u00e9sents<\/strong>, non seulement dans votre t\u00eate, mais \u00e9galement dans vos pieds !<\/p>\n<p><strong>Si vous avez des ambitions, un travail personnel s&#8217;impose<\/strong> ! En effet, les claquettes s&#8217;apprennent comme tous les instruments de musique : le professeur peut montrer, expliquer, d\u00e9tailler et corriger, mais c&#8217;est \u00e0 vous de r\u00e9p\u00e9ter les techniques, modules et combinaisons afin de les int\u00e9grer et pouvoir les reproduire sans h\u00e9siter.<\/p>\n<h2>Tenue<\/h2>\n<p>Aucune tenue sp\u00e9ciale n&#8217;est demand\u00e9e, soyez \u00e0 l&#8217;aise dans des v\u00eatements confortables. \u00c9vitez les v\u00eatements fragiles ou de valeur !<\/p>\n<h2>Enseignement<\/h2>\n<p>Technique am\u00e9ricaine, tous les styles traditionnels &#8211; de Harlem \u00e0 Broadway via Hollywood &#8211; pour finir par s&#8217;\u00e9clater sur des musiques actuelles!<\/p>\n","protected":false},"excerpt":{"rendered":"<p>Pour bien apprendre les claquettes, une r\u00e9gularit\u00e9 s&#8217;impose. Un cours par semaine est le minimum n\u00e9cessaire pour faire des progr\u00e8s et vous sentir \u00e0 l&#8217;aise. Le grand choix dans nos horaires vous permet de ne pas louper de cours ! Si vous d\u00e9sirez progresser rapidement, nous vous conseillons de venir deux fois par semaine. Ainsi&hellip; <a class=\"more-link\" href=\"https:\/\/www.swingtap.com\/blog\/fr\/apprendre-les-claquettes\/\">Continue reading <span class=\"screen-reader-text\">Apprendre les claquettes<\/span><\/a><\/p>\n<p><a href=\"https:\/\/www.swingtap.com\/blog\/fr\/apprendre-les-claquettes\/\">Routines and videos&#8230;<\/a><\/p>\n<p><a href=\"https:\/\/www.swingtap.com\/blog\/fr\/apprendre-les-claquettes\/\">Routines and videos&#8230;<\/a><\/p>\n","protected":false},"author":2,"featured_media":0,"parent":0,"menu_order":2,"comment_status":"closed","ping_status":"closed","template":"","meta":[],"_links":{"self":[{"href":"https:\/\/www.swingtap.com\/blog\/wp-json\/wp\/v2\/pages\/14"}],"collection":[{"href":"https:\/\/www.swingtap.com\/blog\/wp-json\/wp\/v2\/pages"}],"about":[{"href":"https:\/\/www.swingtap.com\/blog\/wp-json\/wp\/v2\/types\/page"}],"author":[{"embeddable":true,"href":"https:\/\/www.swingtap.com\/blog\/wp-json\/wp\/v2\/users\/2"}],"replies":[{"embeddable":true,"href":"https:\/\/www.swingtap.com\/blog\/wp-json\/wp\/v2\/comments?post=14"}],"version-history":[{"count":1,"href":"https:\/\/www.swingtap.com\/blog\/wp-json\/wp\/v2\/pages\/14\/revisions"}],"predecessor-version":[{"id":2666,"href":"https:\/\/www.swingtap.com\/blog\/wp-json\/wp\/v2\/pages\/14\/revisions\/2666"}],"wp:attachment":[{"href":"https:\/\/www.swingtap.com\/blog\/wp-json\/wp\/v2\/media?parent=14"}],"curies":[{"name":"wp","href":"https:\/\/api.w.org\/{rel}","templated":true}]}}