{"id":16,"date":"2013-02-11T20:51:42","date_gmt":"2013-02-11T19:51:42","guid":{"rendered":"https:\/\/www.swingtap.com\/?page_id=16"},"modified":"2022-03-09T13:01:24","modified_gmt":"2022-03-09T12:01:24","slug":"steptanz-lernen","status":"publish","type":"page","link":"https:\/\/www.swingtap.com\/blog\/de\/steptanz-lernen\/","title":{"rendered":"Steptanz lernen"},"content":{"rendered":"<p>Um auf angenehme Weise steppen zu lernen sind regelm\u00e4sige Kurse unabdingbar. Ein Kurs pro Woche ist das strikte Minimum um voranzukommen und sich dabei wohl zu f\u00fchlen. Die grosse Auswahl an Kursen erm\u00f6glicht es Ihnen keinen Kurs zu verpassen !<\/p>\n<p>Sollten Sie schnelle Fortschritte machen wollen, sind zwei Kurse pro Woche n\u00f6tig. Dadurch sind Sie viel schneller wieder an der Sache und die Schritte sind auch schneller wieder pr\u00e4sent, nicht nur in Ihrem Kopf, auch in Ihren F\u00fcssen !<\/p>\n<p>Sollten Sie ehrgeizig sein, ist eine pers\u00f6nliche Arbeit ausserhalb der Kurse unabdingbar ! In diesem Sinne funktioniert der Stepptanz wie s\u00e4mtliche Musikinstrumente: der Lehrer kann zeigen, erkl\u00e4ren bis ins kleinste Detail und auch korrigieren, aber danach ist es an Ihnen die Techniken, Pattern und Kombinationen solange zu \u00fcben bis sie ohne zu z\u00f6gern einfach abrufbar sind.<\/p>\n<p>Kleidung: keine Vorschriften, in Ihrem Interesse leicht und bequem. Vermeiden Sie teure und delikate Kleider !<\/p>\n<p>Unterricht: amerikanische Technik in allen klassischen Stepstilen &#8211; von Harlem \u00fcber den Broadway nach Hollywood und weiter mit aktuellen Sounds !<\/p>\n","protected":false},"excerpt":{"rendered":"<p>Um auf angenehme Weise steppen zu lernen sind regelm\u00e4sige Kurse unabdingbar. Ein Kurs pro Woche ist das strikte Minimum um voranzukommen und sich dabei wohl zu f\u00fchlen. Die grosse Auswahl an Kursen erm\u00f6glicht es Ihnen keinen Kurs zu verpassen ! Sollten Sie schnelle Fortschritte machen wollen, sind zwei Kurse pro Woche n\u00f6tig. Dadurch sind Sie&hellip; <a class=\"more-link\" href=\"https:\/\/www.swingtap.com\/blog\/de\/steptanz-lernen\/\">Continue reading <span class=\"screen-reader-text\">Steptanz lernen<\/span><\/a><\/p>\n<p><a href=\"https:\/\/www.swingtap.com\/blog\/de\/steptanz-lernen\/\">Routines and videos&#8230;<\/a><\/p>\n<p><a href=\"https:\/\/www.swingtap.com\/blog\/de\/steptanz-lernen\/\">Routines and videos&#8230;<\/a><\/p>\n","protected":false},"author":2,"featured_media":0,"parent":0,"menu_order":2,"comment_status":"closed","ping_status":"closed","template":"","meta":[],"_links":{"self":[{"href":"https:\/\/www.swingtap.com\/blog\/wp-json\/wp\/v2\/pages\/16"}],"collection":[{"href":"https:\/\/www.swingtap.com\/blog\/wp-json\/wp\/v2\/pages"}],"about":[{"href":"https:\/\/www.swingtap.com\/blog\/wp-json\/wp\/v2\/types\/page"}],"author":[{"embeddable":true,"href":"https:\/\/www.swingtap.com\/blog\/wp-json\/wp\/v2\/users\/2"}],"replies":[{"embeddable":true,"href":"https:\/\/www.swingtap.com\/blog\/wp-json\/wp\/v2\/comments?post=16"}],"version-history":[{"count":1,"href":"https:\/\/www.swingtap.com\/blog\/wp-json\/wp\/v2\/pages\/16\/revisions"}],"predecessor-version":[{"id":2675,"href":"https:\/\/www.swingtap.com\/blog\/wp-json\/wp\/v2\/pages\/16\/revisions\/2675"}],"wp:attachment":[{"href":"https:\/\/www.swingtap.com\/blog\/wp-json\/wp\/v2\/media?parent=16"}],"curies":[{"name":"wp","href":"https:\/\/api.w.org\/{rel}","templated":true}]}}