{"id":2259,"date":"2017-12-31T22:28:13","date_gmt":"2017-12-31T21:28:13","guid":{"rendered":"https:\/\/www.swingtap.com\/?page_id=2259"},"modified":"2024-03-06T21:52:43","modified_gmt":"2024-03-06T20:52:43","slug":"formation-continue","status":"publish","type":"page","link":"https:\/\/www.swingtap.com\/blog\/fr\/formation-continue\/","title":{"rendered":"Formation professionnelle"},"content":{"rendered":"\n\n\t<p>Victor Cuno et son \u00e9cole ont form\u00e9 de nombreux artistes en claquettes; en modules g\u00e9n\u00e9rales techniques et artistiques (auditions \/ castings), mais aussi pour des projets pr\u00e9cis (cr\u00e9ations spectacles \/ t\u00e9l\u00e9vision). Pour la formation continue nous avons travaill\u00e9 avec l&#8217;Afdas pendant plus de vingt ans, mais, h\u00e9las, les exigences du nouveau protocole Qualiopi nous ont forc\u00e9 \u00e0 abandonner cette collaboration.<\/p>\n<p>Nos cours sont une formation en soi, les cours collectifs pour l&#8217;avancement technique et artistique et les cours particuliers pour les besoins tr\u00e8s sp\u00e9cifiques.<\/p>\n<p>Parmi les artistes que nous avons form\u00e9 on trouve : Antoine De Caunes &gt; entra\u00eenement pour une prestation t\u00e9l\u00e9vis\u00e9e &#8211; Isabelle Georges &gt; perfectionnement technique et chor\u00e9graphique &#8211; Denis Lavant &gt; formation pour une num\u00e9ro dans un spectacle &#8211; C\u00e9cile Cassel &gt; entra\u00eenement pour un clip musical &#8211; Coraly Zahonero et Jennifer Decker de la Com\u00e9die Fran\u00e7aise &gt; formation pour la cr\u00e9ation de &#8220;Psych\u00e9&#8221; de Moli\u00e8re.<\/p>\n<p>Notre formation est bas\u00e9e sur des cours collectifs pour l&#8217;avancement technique et artistique et des cours particuliers pour vos besoins sp\u00e9cifiques.<\/p>\n<p>Ci-dessous quelques appr\u00e9ciations de nos formations:<\/p>\n<p><strong>Agn\u00e8s Pat&#8217;<\/strong> (Les Sea Girls) &#8220;En int\u00e9grant la formation de cette \u00e9cole, j&#8217;ai pu consid\u00e9rablement augmenter mon niveau de danse dans cette discipline de &#8220;fer&#8221; que sont les claquettes am\u00e9ricaines. Un travail exigent et complet : technique de qualit\u00e9 de frappe, apprentissage de nombreuses chor\u00e9graphies, pr\u00e9paration aux auditions et \u00e0 la sc\u00e8ne. Gr\u00e2ce au coaching personnalis\u00e9 de Victor Cuno, j&#8217;ai pu developer ma prestance sur un plateau et j&#8217;ai d\u00e9croch\u00e9 des contrats professionnels. J&#8217;ai \u00e9galement inclus des num\u00e9ros de claquettes dans mes spectacles solos. Un vrai grand pas en avant. Et tout cela dans une ambiance o\u00f9 l&#8217;expression musicale et chaleureuse est toujours mise en avant. Les \u00e9l\u00e8ves et les professeurs peuvent ainsi partager leur passion dans la joie. Merci Swingtap!\u00a0\u00bb<\/p>\n<p><strong>Dalia Constantin<\/strong> &#8220;J&#8217;ai d\u00e9but\u00e9 les claquettes il y a maintenant plus de cinq ans, dans le cadre d&#8217;une formation pluridisciplinaire de com\u00e9die musicale (chant\/danse\/th\u00e9\u00e2tre). Passionn\u00e9e par cette danse et par le plaisir de &#8220;jouer des percussions&#8221; avec ses pieds (!), j&#8217;ai commenc\u00e9 \u00e0 \u00e9tudier aupr\u00e8s de Victor Cuno il y a trois ans et j&#8217;ai trouv\u00e9 cette rencontre sensationnelle. L&#8217;art d&#8217;associer subtilement l&#8217;interpr\u00e9tation avec une technique d&#8217;excellente qualit\u00e9, une rigueur et une pr\u00e9cision in\u00e9galable est propre \u00e0 l&#8217;enseignement de l&#8217;\u00e9cole Victor Cuno. Les stages permettent en effet d&#8217;approfondir sur un temps court ses comp\u00e9tences en tant que claquettiste,\u00a0et fournissent un nombre d&#8217;\u00e9l\u00e9ments tr\u00e8s enrichissants li\u00e9s \u00e0 la culture des claquettes. La cr\u00e9ativit\u00e9 du stagiaire est aussi mise en avant, lors de moments d&#8217;improvisations permettant de laisser libre cours \u00e0 son expression artistique. L&#8217;intensit\u00e9 du travail propos\u00e9 dans le cadre des stages permet d&#8217;acqu\u00e9rir une v\u00e9ritable r\u00e9activit\u00e9 face \u00e0 l&#8217;apprentissage rapide de chor\u00e9graphies, atout indispensable en audition, o\u00f9 l&#8217;aptitude \u00e0 r\u00e9aliser en un temps \u00e9clair l&#8217;encha\u00eenement demand\u00e9 est particuli\u00e8rement valoris\u00e9. Quel plaisir de se perfectionner au sein de cette \u00e9cole, j&#8217;y reviendrai encore et encore!\u00a0\u00bb<\/p>\n<p><strong>Mowgli Laps<\/strong> (Les Stentors) \u00ab\u00a0Grace aux stages que j&#8217;ai fait chez swingtap avec Victor Cuno j&#8217;ai appris les claquettes ainsi que des bases de danses qui m&#8217;ont permis d auditionner pour des comedies musicales et d autres spectacles. Cette formation m&#8217;a donn\u00e9 beaucoup artistiquement. Je fais partie d un groupe de chanteur lyrique &#8220;les stentors&#8221;, et pendant ma formation Victor Cuno a cr\u00e9e une superbe chor\u00e9graphie pour un numero de claquettes dans notre nouveau spectacle. J&#8217;ai ador\u00e9 ma formation pour les claquettes \u00e0 swingtap.<\/p>\n<p><strong>Julien Salvia<\/strong> \u00ab Ce stage avec Victor fut des plus enrichissant. J&#8217;\u00e9tais compl\u00e8tement d\u00e9butant quand je suis arriv\u00e9 et cela m&#8217;a permis d&#8217;apprendre les bases rapidement et de me sentir pr\u00eat pour l&#8217;audition que je devais passer quelques mois plus tard. J&#8217;ai trouv\u00e9 sa m\u00e9thode des plus efficaces et en m\u00eame temps tr\u00e8s abordable \u00e0 des d\u00e9butant. Je conseille vivement son cours!!<\/p>\n<p><strong>Nicolas Lormeau<\/strong> (Soci\u00e9taire de la Com\u00e9die-Fran\u00e7aise) \u00ab\u00a0Lorsque je suis entr\u00e9 au Conservatoire National Sup\u00e9rieur d&#8217;Art Dramatique en 1983, l&#8217;enseignement des claquettes par Victor Cuno faisait partie du cursus &#8220;danse&#8221; de cette \u00e9cole prestigieuse. J&#8217;ai eu le bonheur, avec quelques autres, de fr\u00e9quenter alors assid\u00fbment et pendant trois ans\u00a0 l&#8217;enseignement de ce sp\u00e9cialiste mondial des claquettes.<\/p>\n<p>En sortant de l&#8217;\u00e9cole j&#8217;ai suivi pendant quelques temps encore l&#8217;enseignement de Victor Cuno au centre de Danse du Marais, puis j&#8217;ai utilis\u00e9 mes comp\u00e9tences lors de deux spectacles : Embrasse les Tous cr\u00e9\u00e9 au th\u00e9\u00e2tre de Sartrouville en 1990, puis La Vie Parisienne en 1998 \u00e0 la Com\u00e9die Fran\u00e7aise.<\/p>\n<p>J&#8217;ai pu \u00e9galement gr\u00e2ce \u00e0 cette comp\u00e9tence concourir pour quelques auditions de spectacles musicaux et dans\u00e9s o\u00f9 j&#8217;ai pu aller assez loin dans le niveau de concours&#8230; Les ann\u00e9es Swing, Les Mis\u00e9rables&#8230;\u00a0 Le fait de connaitre un peu les claquettes me permettait de palier mon manque de connaissance dans la pratique d&#8217;un instrument de musique ou encore l&#8217;ignorance de la danse classique.<\/p>\n<p>Depuis cette p\u00e9riode un peu lointaine je continue de pratiquer pour moi l&#8217;entrainement de mes pieds en rythme ! Et lors de mes nombreux ateliers dans les coll\u00e8ges et les lyc\u00e9es et \u00e0 la fac il est fr\u00e9quent que j&#8217;utilise cette petite comp\u00e9tence pour \u00e9chauffer des groupes&#8230;<\/p>\n<p>Cependant tout seul c&#8217;est moins bien qu&#8217;en groupe et surtout sans professeur pas de progression possible : c&#8217;est pourquoi je suis retourn\u00e9 voici deux ans \u00e0 l&#8217;\u00e9cole Swing Tap dirig\u00e9 par mon ancien professeur.<\/p>\n<p>La pratique des claquettes est une pratique qui devrait \u00eatre obligatoire dans toutes les \u00e9coles d&#8217;art dramatique de France ! En effet cette discipline permet de travailler simultan\u00e9ment plusieurs \u00e9l\u00e9ments INDISPENSABLES aux com\u00e9diens \u00e0 savoir :<\/p>\n<ul>\n<li>Le rythme : sans rythme pas de jeu possible, tout au th\u00e9\u00e2tre \u00e9tant question de tempo et de rythme&#8230;<\/li>\n<li>Le souffle : Essayer de faire des claquettes sans respirer c&#8217;est aussi inutile que d&#8217;essayer de jouer Moli\u00e8re sans respirer, or comme les deux demandent concentration et engagement on oublie souvent de respirer&#8230; Bref apprendre \u00e0 respirer quand m\u00eame alors qu&#8217;on a l&#8217;esprit ailleurs c&#8217;est tr\u00e8s utile pour un com\u00e9dien<\/li>\n<li>La d\u00e9contraction ( la d\u00e9tente ) dans l&#8217;effort : si on est tendu les pieds ne peuvent pas marcher en rythme&#8230;\u00a0 Et si on est tendu on ne peut rien jouer non plus<\/li>\n<li>La notion d&#8217;espace et d&#8217;\u00e9quilibre : comme dans toutes discipline dans\u00e9e&#8230; Mais cela aussi est indispensable au jeu.<\/li>\n<li>L&#8217;\u00e9coute et la musicalit\u00e9 : pour danser en cadence mieux vaut avoir l&#8217;oreille ouverte&#8230; pour jouer Racine aussi !<\/li>\n<\/ul>\n<p>Bref : l&#8217;air de rien et sans brutalit\u00e9, accessible \u00e0 tous et \u00e0 tous les corps, la pratique des claquettes regroupent \u00e0 elles seules presque toutes les qualit\u00e9s techniques requises pour le jeu du com\u00e9dien.<\/p>\n<p>Il ne s&#8217;agit pas l\u00e0 que d&#8217;un simple training physique\u00a0 mais d&#8217;un v\u00e9ritable exercice pour le\u00a0 com\u00e9dien&#8230; Il n&#8217;y manque que le travail sur la voix : on peut r\u00e9soudre le probl\u00e8me en chantant tout en dansant (ce qu&#8217;on fait d&#8217;ailleurs parfois \u00e0 l&#8217;\u00e9cole Swing Tap&#8230;)<\/p>\n<p>Ce que j&#8217;\u00e9cris ici est tellement vrai, que depuis que j&#8217;ai repris les cours avec Victor Cuno, cette activit\u00e9 est prise en charge par la Com\u00e9die-Fran\u00e7aise au titre de la formation professionnelle continue.<\/p>\n<p>Je vous remercie de votre attention.<\/p>\n<p><strong>Prunella Rivi\u00e8re<\/strong> (Les Sea Girls) &#8220;J&#8217;ai suivi une formation \u00e0 Swingtap, plus particuli\u00e8rement avec Victor Cuno. Je suis com\u00e9dienne-chanteuse, et cherchais une approche technique et professionnelle des claquettes, j&#8217;ai trouv\u00e9 dans ce cours la qualit\u00e9, l&#8217;exigence et la connaissance du m\u00e9tier dont j&#8217;avais besoin. Car il ne s&#8217;agit pas uniquement de claquettes mais de sc\u00e8ne! Les enseignants ne sont pas juste professeurs mais tous artistes, ce qui fait une vraie diff\u00e9rence dans l&#8217;apprentissage. Je recommande vivement cette \u00e9cole ou chacun peut apprendre et d\u00e9velopper &#8220;son outil\u00a0\u00bb.&#8221;<\/p>\n<p><strong>C\u00e9dric Chupin (Cats)<\/strong> \u00ab\u00a0J&#8217;ai fait mon stage de claquettes en septembre 2016 financ\u00e9 par l&#8217;AFDAS et je n&#8217;ai pas \u00e9t\u00e9 d\u00e9\u00e7u. Victor et son \u00e9quipe p\u00e9dagogique sont \u00e0 l&#8217;\u00e9coute et d&#8217;un enseignement hors pair. J&#8217;ai appris et \u00e9volu\u00e9 en tr\u00e8s peu de temps. Et mon niveau en claquette s&#8217;en est ressenti. Merci \u00e0 SWINGTAP et l&#8217;AFDAS !<\/p>\n<p><strong>C\u00e9dric Granger<\/strong> \u00abLe stage que j&#8217;ai fait avec Victor Cuno \u00e9tait tr\u00e8s adapt\u00e9 \u00e0 ce que je demandais, m&#8217;a permis de pouvoir progresser dans cette discipline et m&#8217;a ouvert des portes professionnellement. Son adaptation au style de l&#8217;\u00e9l\u00e8ve et sa grande connaissance des claquettes m&#8217;ont permis de pouvoir atteindre l&#8217;objectif que je m&#8217;\u00e9tais fix\u00e9. En plus son enthousiasme pour transmettre cet art permet un meilleur apprentissage et donne confiance. Sa connaissance des diff\u00e9rents styles de claquettes et son exp\u00e9rience m&#8217;ont donn\u00e9 des cl\u00e9s pour pouvoir int\u00e9grer les claquettes dans mes num\u00e9ros de cirque et mes spectacles.Vive les claquettes!!\u00a0\u00bb<\/p>\n<p><strong>Brice Ormain<\/strong> \u00abFaire ce stage de claquettes chez Swingtap m&#8217;a \u00e9norm\u00e9ment apport\u00e9, tant sur un plan professionnel que personnel. En effet, l&#8217;enseignement y est complet, et c&#8217;est avec application et r\u00e9gularit\u00e9 que les professeurs reviennent sur les bases des claquettes am\u00e9ricaines afin de les solidifier toujours plus dans un 1er temps; mais aussi de les agr\u00e9menter de nouveaux pas et nouvelles combinaisons\u00a0 qui permettent d&#8217;enrichir son &#8220;vocabulaire de danseur&#8221; dans un deuxi\u00e8me temps. Aussi la multiplicit\u00e9 des professeurs, la diversit\u00e9 de leurs origines, g\u00e9n\u00e9rations, ainsi que de leur culture de danseurs, permet aussi de compl\u00e9ter l&#8217;enseignement \u00e0 travers des chor\u00e9graphies riches et vari\u00e9es: de la com\u00e9die musicale jazz ann\u00e9es 30-50 au hip hop en passant par des danses tangos, vari\u00e9t\u00e9s, chansons ou encore chor\u00e9s plus percussives. Le m\u00e9lange des \u00e9l\u00e8ves par niveau et non par \u00e2ge permet de faire des rencontres int\u00e9ressantes, particuli\u00e8rement d&#8217;un point de vue professionnel puisque le monde des claquettes n&#8217;est pas si grand. Aussi, j&#8217;ai nettement progress\u00e9, et ai depuis particip\u00e9 \u00e0 deux projets professionnels incluant des claquettes, et je ne compte pas m&#8217;arr\u00eater l\u00e0 ! Pour conclure, la qualit\u00e9 de l&#8217;enseignement, l&#8217;ambiance, les rencontres professionnels confirment la r\u00e9putation de Swingtap. Enfin, qu&#8217;il est agr\u00e9able de prendre un cours dans cette boutique quelque peu d\u00e9su\u00e8te, quand il est donn\u00e9 par Victor Cuno en personne et au piano pour le plus grand plaisir de nos pieds.\u00bb<\/p>\n<p><strong>Doroth\u00e9e Lorthiois<\/strong> \u00abSwing Tap est l&#8217;endroit id\u00e9al pour apprendre les claquettes surtout pour les intermittents car ils font des tarifs adapt\u00e9s \u00e0 la fois \u00e0 nos besoins et \u00e0 nos emplois du temps particuliers de plus Victor est un super prof qui en quelques cours intensifs \u00e0 r\u00e9ussis \u00e0 m&#8217;apprendre les bases des claquettes et me pr\u00e9parer pour les chor\u00e9graphies de mon spectacle tout en gardant une exigence professionnelle sur la qualit\u00e9 du son et du geste juste. Merci\u00bb<\/p>\n<p><strong>Nathalie Hanrion<\/strong> La formation AFDAS que j&#8217;ai suivi en 2016 \u00e0 l&#8217;\u00e9cole swingtap m&#8217;a permis d&#8217;acqu\u00e9rir les bases en claquette pour la r\u00e9alisation de num\u00e9ros pour le spectacle \u00ab\u00a0 Le pays o\u00f9 l&#8217;on arrive jamais \u00bb de la compagnie IN CAUDA. Gr\u00e2ce \u00e0 cette formation, j&#8217;ai pu avoir le r\u00f4le de Maman Jenny. Ce spectacle a \u00e9t\u00e9 cr\u00e9e au th\u00e9\u00e2tre de Guyancourt, repris \u00e0 l&#8217;Espal , les quinconces au Mans, sc\u00e8ne conventionn\u00e9e et au th\u00e9\u00e2tre des sources \u00e0 Fontenay- aux- roses en 2017.<\/p>\n\n","protected":false},"excerpt":{"rendered":"<p>Victor Cuno et son \u00e9cole ont form\u00e9 de nombreux artistes en claquettes; en modules g\u00e9n\u00e9rales techniques et artistiques (auditions \/ castings), mais aussi pour des projets pr\u00e9cis (cr\u00e9ations spectacles \/ t\u00e9l\u00e9vision). Pour la formation continue nous avons travaill\u00e9 avec l&#8217;Afdas pendant plus de vingt ans, mais, h\u00e9las, les exigences du nouveau protocole Qualiopi nous ont&hellip; <a class=\"more-link\" href=\"https:\/\/www.swingtap.com\/blog\/fr\/formation-continue\/\">Continue reading <span class=\"screen-reader-text\">Formation professionnelle<\/span><\/a><\/p>\n<p><a href=\"https:\/\/www.swingtap.com\/blog\/fr\/formation-continue\/\">Routines and videos&#8230;<\/a><\/p>\n<p><a href=\"https:\/\/www.swingtap.com\/blog\/fr\/formation-continue\/\">Routines and videos&#8230;<\/a><\/p>\n","protected":false},"author":1,"featured_media":0,"parent":0,"menu_order":9,"comment_status":"closed","ping_status":"closed","template":"","meta":[],"_links":{"self":[{"href":"https:\/\/www.swingtap.com\/blog\/wp-json\/wp\/v2\/pages\/2259"}],"collection":[{"href":"https:\/\/www.swingtap.com\/blog\/wp-json\/wp\/v2\/pages"}],"about":[{"href":"https:\/\/www.swingtap.com\/blog\/wp-json\/wp\/v2\/types\/page"}],"author":[{"embeddable":true,"href":"https:\/\/www.swingtap.com\/blog\/wp-json\/wp\/v2\/users\/1"}],"replies":[{"embeddable":true,"href":"https:\/\/www.swingtap.com\/blog\/wp-json\/wp\/v2\/comments?post=2259"}],"version-history":[{"count":4,"href":"https:\/\/www.swingtap.com\/blog\/wp-json\/wp\/v2\/pages\/2259\/revisions"}],"predecessor-version":[{"id":4694,"href":"https:\/\/www.swingtap.com\/blog\/wp-json\/wp\/v2\/pages\/2259\/revisions\/4694"}],"wp:attachment":[{"href":"https:\/\/www.swingtap.com\/blog\/wp-json\/wp\/v2\/media?parent=2259"}],"curies":[{"name":"wp","href":"https:\/\/api.w.org\/{rel}","templated":true}]}}