{"id":2342,"date":"2018-08-22T19:10:00","date_gmt":"2018-08-22T17:10:00","guid":{"rendered":"https:\/\/www.swingtap.com\/?page_id=2342"},"modified":"2022-03-09T12:59:57","modified_gmt":"2022-03-09T11:59:57","slug":"signup-form","status":"publish","type":"page","link":"https:\/\/www.swingtap.com\/blog\/fr\/signup-form\/","title":{"rendered":"Recevoir un lien pour votre inscription"},"content":{"rendered":"<div>\n<p class=\"_info\">\n    <b><big>Votre inscription va se d\u00e9rouler en trois \u00e9tapes :<\/big><\/b><br \/>.<br \/> <b>\u00c9tape 1 :<\/b> vous remplissez votre nom, pr\u00e9nom et adresse email, puis cliquer sur le bouton &#8220;S&#8217;inscrire&#8221;. Vous recevrez alors prochainement un mail avec un lien priv\u00e9 qui vous permettra de remplir votre fiche de renseignements. Pensez \u00e0 v\u00e9rifier que le mail n&#8217;est pas arriv\u00e9 dans vos spams ou courriers ind\u00e9sirables.<br \/>.<br \/><b>\u00c9tape 2 :<\/b> en cliquant sur le lien du mail que vous avez re\u00e7u, vous arrivez sur votre fiche d&#8217;inscription que vous remplissez puis vous cliquez sur &#8220;Envoyer&#8221;.<br \/>.<br \/><b>\u00c9tape 3 :<\/b> vous proc\u00e9dez au r\u00e8glement de votre forfait de cours, soit en ligne par CB, soit \u00e0 l&#8217;\u00e9cole en ch\u00e8que, CB ou ch\u00e8ques vacances. Une fois votre paiement valid\u00e9, vous \u00eates inscrit !\n  <\/p>\n<\/div>\n<p>[pdb_signup]<\/p>\n","protected":false},"excerpt":{"rendered":"<p>Votre inscription va se d\u00e9rouler en trois \u00e9tapes :. \u00c9tape 1 : vous remplissez votre nom, pr\u00e9nom et adresse email, puis cliquer sur le bouton &#8220;S&#8217;inscrire&#8221;. Vous recevrez alors prochainement un mail avec un lien priv\u00e9 qui vous permettra de remplir votre fiche de renseignements. Pensez \u00e0 v\u00e9rifier que le mail n&#8217;est pas arriv\u00e9 dans&hellip; <a class=\"more-link\" href=\"https:\/\/www.swingtap.com\/blog\/fr\/signup-form\/\">Continue reading <span class=\"screen-reader-text\">Recevoir un lien pour votre inscription<\/span><\/a><\/p>\n<p><a href=\"https:\/\/www.swingtap.com\/blog\/fr\/signup-form\/\">Routines and videos&#8230;<\/a><\/p>\n<p><a href=\"https:\/\/www.swingtap.com\/blog\/fr\/signup-form\/\">Routines and videos&#8230;<\/a><\/p>\n","protected":false},"author":1,"featured_media":0,"parent":0,"menu_order":0,"comment_status":"closed","ping_status":"closed","template":"","meta":[],"_links":{"self":[{"href":"https:\/\/www.swingtap.com\/blog\/wp-json\/wp\/v2\/pages\/2342"}],"collection":[{"href":"https:\/\/www.swingtap.com\/blog\/wp-json\/wp\/v2\/pages"}],"about":[{"href":"https:\/\/www.swingtap.com\/blog\/wp-json\/wp\/v2\/types\/page"}],"author":[{"embeddable":true,"href":"https:\/\/www.swingtap.com\/blog\/wp-json\/wp\/v2\/users\/1"}],"replies":[{"embeddable":true,"href":"https:\/\/www.swingtap.com\/blog\/wp-json\/wp\/v2\/comments?post=2342"}],"version-history":[{"count":1,"href":"https:\/\/www.swingtap.com\/blog\/wp-json\/wp\/v2\/pages\/2342\/revisions"}],"predecessor-version":[{"id":2642,"href":"https:\/\/www.swingtap.com\/blog\/wp-json\/wp\/v2\/pages\/2342\/revisions\/2642"}],"wp:attachment":[{"href":"https:\/\/www.swingtap.com\/blog\/wp-json\/wp\/v2\/media?parent=2342"}],"curies":[{"name":"wp","href":"https:\/\/api.w.org\/{rel}","templated":true}]}}