{"id":2791,"date":"2022-06-05T17:02:20","date_gmt":"2022-06-05T15:02:20","guid":{"rendered":"https:\/\/www.swingtap.com\/deutsch\/"},"modified":"2025-08-25T11:32:51","modified_gmt":"2025-08-25T09:32:51","slug":"startseite","status":"publish","type":"page","link":"https:\/\/www.swingtap.com\/blog\/de\/startseite\/","title":{"rendered":"Startseite"},"content":{"rendered":"\n\n\t<h1>WILLKOMMEN\u00a0AUF UNSERER WEBSITE\u00a0100% STEPPTANZ<\/h1>\n<h2>\n\t\tVictor Online\n\t<\/h2>\n\t<p>Stepptanz Lernen, \u00dcben, Ged\u00e4chtnis trainieren: \u00fcber \u00a0100 technische und choreographische Einheiten warten auf Sie!<\/p>\n<p>Rendez-vous auf unserer neuen Website 100% STEPPTANZ!<\/p>\n<p>Ausz\u00fcge auf YouTube : Geben Sie einfach Victor Cuno ein !<\/p>\n\t\t\t<a href=\"https:\/\/victoronline.swingtap.com\/\" target=\"_self\" rel=\"noopener\">\n\t\t\t\t\t\t\tVictor Online\n\t\t\t<\/a>\n\t<iframe loading=\"lazy\" title=\"Les Claquettes avec Victor Cuno : Niveau 3 - Echauffement - &quot;Shuffle Slap&quot;  (pr\u00e9sentation)\" width=\"750\" height=\"422\" src=\"https:\/\/www.youtube.com\/embed\/fL1L4uU90oE?feature=oembed\" frameborder=\"0\" allow=\"accelerometer; autoplay; clipboard-write; encrypted-media; gyroscope; picture-in-picture\" allowfullscreen><\/iframe>\n\t\t\t\t<img src=\"https:\/\/www.swingtap.com\/blog\/wp-content\/plugins\/bb-plugin\/img\/pixel.png\" alt=\"\" itemprop=\"image\" onerror=\"this.style.display='none'\"  \/>\n<h2>\n\t\tCHAUSSURES DE CLAQUETTES\n\t<\/h2>\n\t<p>Sehr grosse Auswahl von Steppschuhen zu besten Preisen!<\/p>\n<p>Damen, Herren, Kinder: wir haben alles was sie brauchen!<\/p>\n<p>Unsere Step-Boutique t\u00e4glich ge\u00f6ffnet von 16 Uhr bis 18h30!<\/p>\n<p>&nbsp;<\/p>\n<p>&nbsp;<\/p>\n\t\t\t<a href=\"\/blog\/fr\/achats-groupes-avantage-client\" target=\"_self\" rel=\"noopener\">\n\t\t\t\t\t\t\tAchats group\u00e9s &#038; avantage client\n\t\t\t<\/a>\n\t\t\t\t<img loading=\"lazy\" src=\"https:\/\/www.swingtap.com\/blog\/wp-content\/uploads\/swingtap.jpg\" alt=\"swingtap\" itemprop=\"image\" height=\"720\" width=\"960\" title=\"swingtap\" onerror=\"this.style.display='none'\"  \/>\n<h2>\n\t\tNos MARQUES\n\t<\/h2>\n\t\t\t\t<img loading=\"lazy\" src=\"https:\/\/www.swingtap.com\/blog\/wp-content\/uploads\/2-1.jpg\" alt=\"2\" itemprop=\"image\" height=\"79\" width=\"140\" title=\"2\" onerror=\"this.style.display='none'\"  \/>\n\t\t\t\t<img loading=\"lazy\" src=\"https:\/\/www.swingtap.com\/blog\/wp-content\/uploads\/4-1.jpg\" alt=\"4\" itemprop=\"image\" height=\"131\" width=\"361\" title=\"4\" onerror=\"this.style.display='none'\"  \/>\n\t\t\t\t<img loading=\"lazy\" src=\"https:\/\/www.swingtap.com\/blog\/wp-content\/uploads\/5-1-300x95.jpg\" alt=\"5\" itemprop=\"image\" height=\"95\" width=\"300\" title=\"5\" onerror=\"this.style.display='none'\"  \/>\n\t\t\t\t<img loading=\"lazy\" src=\"https:\/\/www.swingtap.com\/blog\/wp-content\/uploads\/6-1-150x133.jpg\" alt=\"6\" itemprop=\"image\" height=\"133\" width=\"150\" title=\"6\" onerror=\"this.style.display='none'\"  \/>\n\t\t\t\t<img loading=\"lazy\" src=\"https:\/\/www.swingtap.com\/blog\/wp-content\/uploads\/3-1.jpg\" alt=\"3\" itemprop=\"image\" height=\"70\" width=\"194\" title=\"3\" onerror=\"this.style.display='none'\"  \/>\n<h2>\n\t\tNos produits\n\t<\/h2>\n\t\t\t\t<img loading=\"lazy\" src=\"https:\/\/www.swingtap.com\/blog\/wp-content\/uploads\/merry-jane-bloch-300x300.jpg\" alt=\"merry-jane-bloch\" itemprop=\"image\" height=\"300\" width=\"300\" title=\"merry-jane-bloch\" onerror=\"this.style.display='none'\"  \/>\n\t<strong>Steppschuhe<br \/>\n<\/strong>\n\t\t\t\t<img loading=\"lazy\" src=\"https:\/\/www.swingtap.com\/blog\/wp-content\/uploads\/sansha-metal-tech-fers-pointes.jpg\" alt=\"sansha-metal-tech-fers-pointes\" itemprop=\"image\" height=\"262\" width=\"262\" title=\"sansha-metal-tech-fers-pointes\" onerror=\"this.style.display='none'\"  \/>\n\t<p><strong>Steppeisen<\/strong><\/p>\n\t\t\t\t<img loading=\"lazy\" src=\"https:\/\/www.swingtap.com\/blog\/wp-content\/uploads\/guide-du-debutant.jpg\" alt=\"guide-du-debutant\" itemprop=\"image\" height=\"262\" width=\"262\" title=\"guide-du-debutant\" onerror=\"this.style.display='none'\"  \/>\n\t<strong>B\u00fccher zum Lernen und \u00dcben<br \/>\n<\/strong>\n\t\t\t\t<img loading=\"lazy\" src=\"https:\/\/www.swingtap.com\/blog\/wp-content\/uploads\/gene-kelly-et-stanley-donen-singing-in-the-rain.jpg\" alt=\"gene-kelly-et-stanley-donen-singing-in-the-rain\" itemprop=\"image\" height=\"262\" width=\"262\" title=\"gene-kelly-et-stanley-donen-singing-in-the-rain\" onerror=\"this.style.display='none'\"  \/>\n\t<p><strong>Choreos und historische \u00a0<\/strong><b>Analysen<\/b><\/p>\n\t\t\t\t<img loading=\"lazy\" src=\"https:\/\/www.swingtap.com\/blog\/wp-content\/uploads\/plan-serre.jpg\" alt=\"plan-serre\" itemprop=\"image\" height=\"262\" width=\"262\" title=\"plan-serre\" onerror=\"this.style.display='none'\"  \/>\n\t<p><strong>Trainings-Musik per Download<\/strong><\/p>\n\t\t\t\t<img loading=\"lazy\" src=\"https:\/\/www.swingtap.com\/blog\/wp-content\/uploads\/cd-tap-in-the-groove-2.jpg\" alt=\"cd-tap-in-the-groove-2\" itemprop=\"image\" height=\"262\" width=\"262\" title=\"cd-tap-in-the-groove-2\" onerror=\"this.style.display='none'\"  \/>\n\t<p><strong>CDs<\/strong><\/p>\n\t\t\t\t<img loading=\"lazy\" src=\"https:\/\/www.swingtap.com\/blog\/wp-content\/uploads\/dvd-coupe-de-paris-2004-34-numeros-de-claquettes.jpg\" alt=\"dvd-coupe-de-paris-2004-34-numeros-de-claquettes\" itemprop=\"image\" height=\"262\" width=\"262\" title=\"dvd-coupe-de-paris-2004-34-numeros-de-claquettes\" onerror=\"this.style.display='none'\"  \/>\n\t<p><strong>DVDs<\/strong><\/p>\n<h2>\n\t\tSteppkurse bei Swingtap\n\t<\/h2>\n\t<p>Saisonanfang : Montag 1. September<\/p>\n<p>Beh uns k\u00f6nnen Sie jederzeit anfangen! Kommen Sie vorbei&#8230;<\/p>\n<p>24 Stepp-Kurse pro Woche!<\/p>\n<h2>\n\t\tJETZT BEGINNEN!\n\t<\/h2>\n\t<p>Lust jetzt anzufangen ? Sie k\u00f6nnen \u00a0jederzeit f\u00fcr Ihre Probierlektion vorbeikommen: Sie haben die Wahl: 5 Kurse pro Woche!<\/p>\n<p>Probierlektion: 20 \u20ac mit Ausleihe passender Steppschuhe<\/p>\n<h2>\n\t\tNos professeurs\n\t<\/h2>\n\t\t\t\t<img loading=\"lazy\" src=\"https:\/\/www.swingtap.com\/blog\/wp-content\/uploads\/victor.jpg\" alt=\"victor\" itemprop=\"image\" height=\"300\" width=\"200\" title=\"victor\" onerror=\"this.style.display='none'\"  \/>\n\t<strong>Victor Cuno<\/strong><br \/>\n&#8216;the talking feet of Paris&#8217;\n\t\t\t\t<img loading=\"lazy\" src=\"https:\/\/www.swingtap.com\/blog\/wp-content\/uploads\/david.jpg\" alt=\"david\" itemprop=\"image\" height=\"900\" width=\"600\" title=\"david\" onerror=\"this.style.display='none'\"  \/>\n\t<p><strong>David Lasserre<\/strong><\/p>\n<h2>\n\t\tSAISONSTART f\u00fcr KINDER UND JUGENDLICHE : Ab 1.. September!!!\n\t<\/h2>\n\t<p>Probierkurs mit passenden Schuhen: 10 \u20ac<\/p>\n<p>KINDER ab 11 Jahren k\u00f6nnen mit den Erwachsenen Steppen &gt; zum Kinderpreis!<\/p>\n<p>&nbsp;<\/p>\n\t\t\t<a href=\"\/blog\/fr\/les-cours-enfants\/\" target=\"_self\" rel=\"noopener\">\n\t\t\t\t\t\t\tCours Enfants et Ados\n\t\t\t<\/a>\n\t\t\t\t<img loading=\"lazy\" src=\"https:\/\/www.swingtap.com\/blog\/wp-content\/uploads\/NS5F7734.jpg\" alt=\"NS5F7734\" itemprop=\"image\" height=\"600\" width=\"899\" title=\"NS5F7734\" onerror=\"this.style.display='none'\"  \/>\n\t\t\t\t<img src=\"https:\/\/www.swingtap.com\/blog\/wp-content\/plugins\/bb-plugin\/img\/pixel.png\" alt=\"\" itemprop=\"image\" onerror=\"this.style.display='none'\"  \/>\n\n","protected":false},"excerpt":{"rendered":"<p>WILLKOMMEN\u00a0AUF UNSERER WEBSITE\u00a0100% STEPPTANZ Victor Online Stepptanz Lernen, \u00dcben, Ged\u00e4chtnis trainieren: \u00fcber \u00a0100 technische und choreographische Einheiten warten auf Sie! Rendez-vous auf unserer neuen Website 100% STEPPTANZ! Ausz\u00fcge auf YouTube : Geben Sie einfach Victor Cuno ein ! Victor Online CHAUSSURES DE CLAQUETTES Sehr grosse Auswahl von Steppschuhen zu besten Preisen! Damen, Herren, Kinder: wir&hellip; <a class=\"more-link\" href=\"https:\/\/www.swingtap.com\/blog\/de\/startseite\/\">Continue reading <span class=\"screen-reader-text\">Startseite<\/span><\/a><\/p>\n<p><a href=\"https:\/\/www.swingtap.com\/blog\/de\/startseite\/\">Routines and videos&#8230;<\/a><\/p>\n<p><a href=\"https:\/\/www.swingtap.com\/blog\/de\/startseite\/\">Routines and videos&#8230;<\/a><\/p>\n","protected":false},"author":1,"featured_media":5457,"parent":0,"menu_order":0,"comment_status":"closed","ping_status":"closed","template":"","meta":[],"_links":{"self":[{"href":"https:\/\/www.swingtap.com\/blog\/wp-json\/wp\/v2\/pages\/2791"}],"collection":[{"href":"https:\/\/www.swingtap.com\/blog\/wp-json\/wp\/v2\/pages"}],"about":[{"href":"https:\/\/www.swingtap.com\/blog\/wp-json\/wp\/v2\/types\/page"}],"author":[{"embeddable":true,"href":"https:\/\/www.swingtap.com\/blog\/wp-json\/wp\/v2\/users\/1"}],"replies":[{"embeddable":true,"href":"https:\/\/www.swingtap.com\/blog\/wp-json\/wp\/v2\/comments?post=2791"}],"version-history":[{"count":11,"href":"https:\/\/www.swingtap.com\/blog\/wp-json\/wp\/v2\/pages\/2791\/revisions"}],"predecessor-version":[{"id":5486,"href":"https:\/\/www.swingtap.com\/blog\/wp-json\/wp\/v2\/pages\/2791\/revisions\/5486"}],"wp:featuredmedia":[{"embeddable":true,"href":"https:\/\/www.swingtap.com\/blog\/wp-json\/wp\/v2\/media\/5457"}],"wp:attachment":[{"href":"https:\/\/www.swingtap.com\/blog\/wp-json\/wp\/v2\/media?parent=2791"}],"curies":[{"name":"wp","href":"https:\/\/api.w.org\/{rel}","templated":true}]}}