{"id":29,"date":"2013-02-11T21:07:56","date_gmt":"2013-02-11T20:07:56","guid":{"rendered":"https:\/\/www.swingtap.com\/?page_id=29"},"modified":"2023-09-18T10:14:42","modified_gmt":"2023-09-18T08:14:42","slug":"nos-7-niveaux","status":"publish","type":"page","link":"https:\/\/www.swingtap.com\/blog\/fr\/nos-7-niveaux\/","title":{"rendered":"Nos 7 niveaux"},"content":{"rendered":"\n\n\t<p>Nos 7 niveaux vous donnent la possibilit\u00e9 de satisfaire vos r\u00eaves et vos ambitions :<\/p>\n<h2>Niveau 1<\/h2>\nNotre niveau d&#8217;accueil !!! Il permet de commencer les claquettes \u00e0 n&#8217;importe quel moment de la saison ! Venez apprendre les sons simples, leur nom et leur posture avec le RYTHME EN MOUVEMENT : un petit encha\u00eenement tr\u00e8s dansant, diff\u00e9rent \u00e0 chaque cours !<br \/>\nEn technique vous allez d\u00e9couvrir les Cramprolls, le Paddle, les Slaps, les Flaps et les Shuffles et travailler la souplesse des genoux et le relax des pieds. Vous allez finir par apprendre le Pas du <em>Shim-Sham<\/em>, le <em>Lazy Time-Step<\/em>, le <em>Lazy-Buffalo<\/em> et le <em>Waltzclog<\/em> &#8211; le Pas de valse. Un premier contact essentiel pour vous mettre \u00e0 l&#8217;aise !\n<h2>Niveau 2<\/h2>\n<p>D\u00e9couvrez les Pas dansants des Com\u00e9dies Musicales et les techniques et combinaisons de base avec les Flaps, les Shuffles et les Cramprolls. Vous allez apprendre de grands classiques : le Time-Step (single &amp; triple), le Syncopated Military Time-Step, le Lindy-Tap&#8230; Ma\u00eetrise de modules indispensables: hop shuffle-step, step-shuffle-hop (N\u00b0 1 &amp; 2 des 4 petites merdes). Ma\u00eetrise des 2-3-3 Basics : le style Paddle-And-Roll. Breaks en 3-3-2 temps : Waltzclog, Maxieford, 2-Step Irish, Cut-Out et le Tour Syncop\u00e9. En Softshoe : Front-Essence, Side-Essence, Back-Essence. Encha\u00eenements courts sur des musiques vari\u00e9es : de la com\u00e9die musicale et du swing\/jazz \u00e0 la techno !<\/p>\n<h2>Niveau 3<\/h2>\n<p>Nouvelles techniques: apprentissage des pullbacks et du style Toe-And-Heel (les combinaisons avec les talons qui restent au sol) : backflaps, drawbacks, Shirley Temple, Bombershay. Egalement les N\u00b0 3 &amp; 4 des &#8216;petites merdes&#8217; : le Buffalo et le Machine-Gun et Pas d\u00e9vale crois\u00e9&#8230; Travail de la rythmique offbeat ; mise en place des tours en s\u00e9rie et des sauts. Encha\u00eenements vari\u00e9s !<\/p>\n<h2>Niveau 4<\/h2>\n<p>Des combinaisons multiples dans les diff\u00e9rents styles de claquettes vont vous permettre de vous \u00e9clater ! Nouvelles techniques: Riff &amp; Riff-Walks, Lancashire-technique (les clicks&#8230;) ; Rhythm-Irish, Double-Wings et les grands classiques des Pullbacks&#8230;. Travail des rythmes 2-into-3 et 4-into-3. Et n&#8217;oublions pas les tours en s\u00e9rie !<\/p>\n<h2>Niveau 5<\/h2>\n<p>C&#8217;est la grande aventure : int\u00e9gration de toutes les techniques&#8230; Nouveaut\u00e9s : Riffles, Over-The-Tops, Toestands, Shuffle-Pull-Hop, Offbeat Machine-Gun&#8230; Et puis: le plaisir des chor\u00e9graphies vari\u00e9es !<\/p>\n<h2>Niveau 6<\/h2>\n<p>Nouveaut\u00e9s : Ripples, Shiggy-Bop, Pullbacks vari\u00e9s&#8230; c&#8217;est l&#8217;exploration de la dext\u00e9rit\u00e9 extr\u00eame ! En m\u00eame temps vous allez acqu\u00e9rir rapidit\u00e9 et aisance dans les diff\u00e9rents styles.<\/p>\n<h2>Niveau 7<\/h2>\nMASTER CLASS Entra\u00eenement et perfectionnement dans tous les styles ! Pr\u00e9paration \u00e0 la sc\u00e8ne.<br \/>\nShuffles avec 2 sons de talon\n<p>Pour tout changement de niveau veuillez consulter vos professeurs !<\/p>\n\n","protected":false},"excerpt":{"rendered":"<p>Nos 7 niveaux vous donnent la possibilit\u00e9 de satisfaire vos r\u00eaves et vos ambitions : Niveau 1 Notre niveau d&#8217;accueil !!! Il permet de commencer les claquettes \u00e0 n&#8217;importe quel moment de la saison ! Venez apprendre les sons simples, leur nom et leur posture avec le RYTHME EN MOUVEMENT : un petit encha\u00eenement tr\u00e8s&hellip; <a class=\"more-link\" href=\"https:\/\/www.swingtap.com\/blog\/fr\/nos-7-niveaux\/\">Continue reading <span class=\"screen-reader-text\">Nos 7 niveaux<\/span><\/a><\/p>\n<p><a href=\"https:\/\/www.swingtap.com\/blog\/fr\/nos-7-niveaux\/\">Routines and videos&#8230;<\/a><\/p>\n<p><a href=\"https:\/\/www.swingtap.com\/blog\/fr\/nos-7-niveaux\/\">Routines and videos&#8230;<\/a><\/p>\n","protected":false},"author":1,"featured_media":0,"parent":0,"menu_order":3,"comment_status":"closed","ping_status":"closed","template":"","meta":[],"_links":{"self":[{"href":"https:\/\/www.swingtap.com\/blog\/wp-json\/wp\/v2\/pages\/29"}],"collection":[{"href":"https:\/\/www.swingtap.com\/blog\/wp-json\/wp\/v2\/pages"}],"about":[{"href":"https:\/\/www.swingtap.com\/blog\/wp-json\/wp\/v2\/types\/page"}],"author":[{"embeddable":true,"href":"https:\/\/www.swingtap.com\/blog\/wp-json\/wp\/v2\/users\/1"}],"replies":[{"embeddable":true,"href":"https:\/\/www.swingtap.com\/blog\/wp-json\/wp\/v2\/comments?post=29"}],"version-history":[{"count":3,"href":"https:\/\/www.swingtap.com\/blog\/wp-json\/wp\/v2\/pages\/29\/revisions"}],"predecessor-version":[{"id":3411,"href":"https:\/\/www.swingtap.com\/blog\/wp-json\/wp\/v2\/pages\/29\/revisions\/3411"}],"wp:attachment":[{"href":"https:\/\/www.swingtap.com\/blog\/wp-json\/wp\/v2\/media?parent=29"}],"curies":[{"name":"wp","href":"https:\/\/api.w.org\/{rel}","templated":true}]}}