{"id":33,"date":"2013-02-11T21:07:56","date_gmt":"2013-02-11T20:07:56","guid":{"rendered":"https:\/\/www.swingtap.com\/?page_id=33"},"modified":"2022-03-09T13:01:24","modified_gmt":"2022-03-09T12:01:24","slug":"7-stepstufen","status":"publish","type":"page","link":"https:\/\/www.swingtap.com\/blog\/de\/7-stepstufen\/","title":{"rendered":"7 Stepstufen"},"content":{"rendered":"<h2>Steptanzschule Victor Cuno<\/h2>\n<p>In 7 Stufen bis zum Profi !<\/p>\n<p>Unsere 7 Niveaus erm\u00f6glichen Ihnen &#8211; Ihrem Ehrgeiz entsprechend &#8211; Ihre Stepausbildung genau nach Mass zu gestalten. So werden Tr\u00e4ume wahr:<\/p>\n<h2>Niveau 1<\/h2>\n<p>Unser permanenter Einsteigerkurs !!! Bei uns k\u00f6nnen Sie jederzeit mit dem Steppen beginnen! In diesem Kurs lernen Sie spielerisch was es zum Steppen braucht: ein guter Kontakt mit dem Boden in aktiver Stellung, Geschmeidigkeit in H\u00fcften, Knien und F\u00fcssen. Leichte Tanzschritte vermitteln das Design, den Rhythmus und die n\u00f6tige Musikalit\u00e4t. Basistechniken mit einfachen Sounds sowie grundlegende Arbeit an Shuffles, Flaps und Cramprolls. Zu jedem Kurs als erstes eine Tanzkombi!<\/p>\n<h2>Niveau 2<\/h2>\n<p>Musical-Comedy Tanzschritte, Vernacular Tanzschritte (der schwarze Stil der 40er Jahre), Basis-Stepkombinationen und Time-Step. Grundlegende Arbeit an Drehungen und Spr\u00fcngen; Kombinationen mit flaps und shuffles. Fortlaufender Triolen-Rhytmus mit sauberen und kontrollierten Sounds: hop shuffle-step, step-shuffle-hop, step-shuffle step. Arbeit an den 2-3-3 Basics (Rhythm-Tap). Kurznummern auf verschiedenste Musiken: vom Swing\/Jazz bis zur Techno!<\/p>\n<h2>Niveau 3<\/h2>\n<p>Neue Techniken: Paddles, fortlaufende Shuffle-Hop-Steps, fortlaufende Drehungen, aber auch die Schritte wo die Ferse am Boden bleibt (Backflaps, Drawbacks, usw.) Grundlegende Arbeit an Pullbacks. Offbeat-Rhytmen mit verschiedensten Techniken und wie immer: fetzige Kurz-Choreos!<\/p>\n<h2>Niveau 4<\/h2>\n<p>1-Chorus Nummern in den verschiedenen Stepstilen werden Ihnen gr\u00f6sstes Vergn\u00fcgen bereiten ! Neue Techniken: Riff, Riff-Walks, Riffles, Paddle-And-Roll Kombinationen und die grossen Klassiker mit Pullbacks&#8230;<\/p>\n<h2>Niveau 5<\/h2>\n<p>Hier beginnt das grosse Abenteuer: mit Techniken wie Over-The Tops, Double-Wings kommt nun alles zusammen&#8230; Spass mit den Klassikern des Steptanzes: Musical-Comedy, Jazz\/swing und groovy Kombis !<\/p>\n<h2>Niveau 6<\/h2>\n<p>Mit Double-Down Shuffles: Ripples, shuffles mit 2 heels usw. geht es um gr\u00f6sste Pr\u00e4zision! Es l\u00e4uft auch alles schneller: Geschwindigkeit in Drehungen und Pullbacks. Arbeit am pers\u00f6nlichen Ausdruck.<\/p>\n<h2>Niveau 7<\/h2>\n<p>MASTER CLASS Training in allen Stilen f\u00fcr B\u00fchne und Unterricht!<\/p>\n","protected":false},"excerpt":{"rendered":"<p>Steptanzschule Victor Cuno In 7 Stufen bis zum Profi ! Unsere 7 Niveaus erm\u00f6glichen Ihnen &#8211; Ihrem Ehrgeiz entsprechend &#8211; Ihre Stepausbildung genau nach Mass zu gestalten. So werden Tr\u00e4ume wahr: Niveau 1 Unser permanenter Einsteigerkurs !!! Bei uns k\u00f6nnen Sie jederzeit mit dem Steppen beginnen! In diesem Kurs lernen Sie spielerisch was es zum&hellip; <a class=\"more-link\" href=\"https:\/\/www.swingtap.com\/blog\/de\/7-stepstufen\/\">Continue reading <span class=\"screen-reader-text\">7 Stepstufen<\/span><\/a><\/p>\n<p><a href=\"https:\/\/www.swingtap.com\/blog\/de\/7-stepstufen\/\">Routines and videos&#8230;<\/a><\/p>\n<p><a href=\"https:\/\/www.swingtap.com\/blog\/de\/7-stepstufen\/\">Routines and videos&#8230;<\/a><\/p>\n","protected":false},"author":2,"featured_media":0,"parent":0,"menu_order":3,"comment_status":"closed","ping_status":"closed","template":"","meta":[],"_links":{"self":[{"href":"https:\/\/www.swingtap.com\/blog\/wp-json\/wp\/v2\/pages\/33"}],"collection":[{"href":"https:\/\/www.swingtap.com\/blog\/wp-json\/wp\/v2\/pages"}],"about":[{"href":"https:\/\/www.swingtap.com\/blog\/wp-json\/wp\/v2\/types\/page"}],"author":[{"embeddable":true,"href":"https:\/\/www.swingtap.com\/blog\/wp-json\/wp\/v2\/users\/2"}],"replies":[{"embeddable":true,"href":"https:\/\/www.swingtap.com\/blog\/wp-json\/wp\/v2\/comments?post=33"}],"version-history":[{"count":1,"href":"https:\/\/www.swingtap.com\/blog\/wp-json\/wp\/v2\/pages\/33\/revisions"}],"predecessor-version":[{"id":2677,"href":"https:\/\/www.swingtap.com\/blog\/wp-json\/wp\/v2\/pages\/33\/revisions\/2677"}],"wp:attachment":[{"href":"https:\/\/www.swingtap.com\/blog\/wp-json\/wp\/v2\/media?parent=33"}],"curies":[{"name":"wp","href":"https:\/\/api.w.org\/{rel}","templated":true}]}}