{"id":42,"date":"2013-02-11T21:40:52","date_gmt":"2013-02-11T20:40:52","guid":{"rendered":"https:\/\/www.swingtap.com\/?page_id=42"},"modified":"2025-09-07T09:26:50","modified_gmt":"2025-09-07T07:26:50","slug":"les-cours-enfants","status":"publish","type":"page","link":"https:\/\/www.swingtap.com\/blog\/fr\/les-cours-enfants\/","title":{"rendered":"Cours Enfants et Ados"},"content":{"rendered":"\n\n\t<h2>SAISON 2025-2026<\/h2>\n<p>&gt; REPRISE DES COURS LE LUNDI 1er SEPTEMBRE<\/p>\n<h2>Cours Enfants &amp; Ados &gt; \u00e0 partir de 11 ans<\/h2>\n<h3><strong>Dans notre \u00e9cole les enfants &#8211; \u00e0 partir de 11 ans &#8211; peuvent prendre les cours avec les adultes !<\/strong><\/h3>\n<p><b>Afin d&#8217;\u00e9valuer l&#8217;aptitude et l&#8217;envie r\u00e9elle des enfants &amp; ados, un ou plusieurs cours d&#8217;essai sont obligatoires. Les cours d&#8217;essai (max. 3) seront d\u00e9duits lors du paiement de l&#8217;inscription d\u00e9finitive.<\/b><\/p>\n<p><b>Cours d&#8217;essai \u00a0: 10 \u20ac par cours avec le pr\u00eat de\u00a0chaussures<\/b><\/p>\n<p><b>Dur\u00e9e des cours <\/b>: <b>1h30<\/b><\/p>\n<p><b>NOS HORAIRES &#8211; pour\u00a0commencer &#8211; NIVEAU 1 :<\/b><\/p>\n<ul>\n<li><b> Lundi \u00a0<\/b>18h45<b> David<\/b><\/li>\n<li><b>Mercredi \u00a0<\/b>20h15<b> David<\/b><\/li>\n<li><b>Jeudi \u00a0<\/b>18h45<b> Victor<\/b><\/li>\n<li><b>Vendredi\u00a0 <\/b>9h45<b> Victor<\/b><\/li>\n<li><b>Samedi.\u00a0<\/b>10h15<b> Victor &amp; Robin<\/b><\/li>\n<\/ul>\n<p><b>Choisissez un de ces horaires et pr\u00e9sentez-vous 10 minutes avant le d\u00e9but du cours.<\/b><\/p>\n<h3><strong>TARIFS ENFANTS &amp; ADOS<\/strong><\/h3>\n<strong>Cours d&#8217;essai : 10 \u20ac<\/strong><br \/>\n<strong>Frais d&#8217;inscription pour la saison : 15 \u20ac<\/strong><br \/>\n<strong>Forfait pour la saison : 428 \u20ac<\/strong><br \/>\nLe forfait, non remboursable, sera payable int\u00e9gralement en d\u00e9but de saison. Paiement en 3 fois possible !\n<h3><strong>Tarif sp\u00e9cial famille<\/strong><\/h3>\nCe tarif concerne les personnes d&#8217;un m\u00eame foyer fiscal.<br \/>\nSi papa\/maman ou maman\/enfant etc. s&#8217;inscrivent \u00e0 notre \u00e9cole, la 2\u00e8me personne b\u00e9n\u00e9ficiera d&#8217;une remise de 30% et une 3\u00e8me de 50% !!! (Valable pour les forfaits annuels ; un justificatif sera demand\u00e9).\n<h3><strong>Modalit\u00e9s de paiement<\/strong><\/h3>\n<p>CB Visa \/ Eurocard \/ Mastercard &#8211; Ch\u00e8ques \u00e0 l&#8217;ordre de Swingtap &#8211; Esp\u00e8ces. Nous acceptons les ch\u00e8ques vacances et les ch\u00e8ques des comit\u00e9s d&#8217;entreprise. R\u00e8glement en plusieurs fois possible apr\u00e8s acceptation de votre demande !<\/p>\n<p>dernier cours de la saison le samedi 1 juillet<\/p>\n<h3>LOCATION DE CHAUSSURES<\/h3>\n<p>Pour les enfants &amp; les ados : location de chaussures 15 \u20ac pour toute la saison (afin de permettre un changement en cours de saison si n\u00e9cessaire)<\/p>\n<h3>VENTE DE CHAUSSURES<\/h3>\n<p>Pour les gar\u00e7ons et les filles : des mod\u00e8les 100% cuir \u00e0 partir de 43,85 \u20ac, en simili-cuir \u00e0 partir de 24,50 \u20ac, en vente \u00e0 la boutique Swingtap<\/p>\n<p>&gt; 10% de r\u00e9duction pour les \u00e9l\u00e8ves de Swingtap !<\/p>\n<h5>HEURES D&#8217;OUVERTURE : tous les jours de 16h \u00e0 18h30<\/h5>\n\n","protected":false},"excerpt":{"rendered":"<p>SAISON 2025-2026 &gt; REPRISE DES COURS LE LUNDI 1er SEPTEMBRE Cours Enfants &amp; Ados &gt; \u00e0 partir de 11 ans Dans notre \u00e9cole les enfants &#8211; \u00e0 partir de 11 ans &#8211; peuvent prendre les cours avec les adultes ! Afin d&#8217;\u00e9valuer l&#8217;aptitude et l&#8217;envie r\u00e9elle des enfants &amp; ados, un ou plusieurs cours d&#8217;essai&hellip; <a class=\"more-link\" href=\"https:\/\/www.swingtap.com\/blog\/fr\/les-cours-enfants\/\">Continue reading <span class=\"screen-reader-text\">Cours Enfants et Ados<\/span><\/a><\/p>\n<p><a href=\"https:\/\/www.swingtap.com\/blog\/fr\/les-cours-enfants\/\">Routines and videos&#8230;<\/a><\/p>\n<p><a href=\"https:\/\/www.swingtap.com\/blog\/fr\/les-cours-enfants\/\">Routines and videos&#8230;<\/a><\/p>\n","protected":false},"author":1,"featured_media":0,"parent":0,"menu_order":5,"comment_status":"closed","ping_status":"closed","template":"","meta":[],"_links":{"self":[{"href":"https:\/\/www.swingtap.com\/blog\/wp-json\/wp\/v2\/pages\/42"}],"collection":[{"href":"https:\/\/www.swingtap.com\/blog\/wp-json\/wp\/v2\/pages"}],"about":[{"href":"https:\/\/www.swingtap.com\/blog\/wp-json\/wp\/v2\/types\/page"}],"author":[{"embeddable":true,"href":"https:\/\/www.swingtap.com\/blog\/wp-json\/wp\/v2\/users\/1"}],"replies":[{"embeddable":true,"href":"https:\/\/www.swingtap.com\/blog\/wp-json\/wp\/v2\/comments?post=42"}],"version-history":[{"count":15,"href":"https:\/\/www.swingtap.com\/blog\/wp-json\/wp\/v2\/pages\/42\/revisions"}],"predecessor-version":[{"id":5574,"href":"https:\/\/www.swingtap.com\/blog\/wp-json\/wp\/v2\/pages\/42\/revisions\/5574"}],"wp:attachment":[{"href":"https:\/\/www.swingtap.com\/blog\/wp-json\/wp\/v2\/media?parent=42"}],"curies":[{"name":"wp","href":"https:\/\/api.w.org\/{rel}","templated":true}]}}