{"id":454,"date":"2013-07-23T09:25:21","date_gmt":"2013-04-27T20:23:19","guid":{"rendered":"https:\/\/www.swingtap.com\/?page_id=454"},"modified":"2023-07-24T10:13:30","modified_gmt":"2023-07-24T08:13:30","slug":"stepptanz-jetzt-beginnen","status":"publish","type":"page","link":"https:\/\/www.swingtap.com\/blog\/de\/stepptanz-jetzt-beginnen\/","title":{"rendered":"Stepptanz jetzt beginnen"},"content":{"rendered":"\n\n\t<h3>Stufe 1<\/h3>\n<p>Das ist unser Einsteiger-Level !!! Sie k\u00f6nnen bei uns jederzeit, w\u00e4hrend der ganzen Saison mit Steppen anfangen! F\u00fcr Ihren ersten Kurs: kommen Sie einfach 15 Minuten vor Kursanfang.<\/p>\n<ul>\n<li>Anmeldung: nicht n\u00f6tig f\u00fcr einen Schnupper-Kurs! Nach Wunsch k\u00f6nnen Sie sich sp\u00e4ter direkt in unserer Schule definitif einschreiben.<\/li>\n<li>Stepschuhe: wir geben Ihnen ein Paar f\u00fcr den ersten Kurs.<\/li>\n<li>Kleidung: wie Sie wollen, aber angenehm locker f\u00fcr einen Kurs der sich viel bewegt!<\/li>\n<li>Schnupper-Kurse 20 \u20ac (90 Min.) Werden bei der definitiven Ameldung abgerechnet.<\/li>\n<\/ul>\n<h3>Programm Stufe 1.<\/h3>\n<p>Die grundlegenden Bewegungen des Stepptanzes. Eine erste und sehr wichtige Erfahrung um sich beim Steppen wohlzuf\u00fchlen. Mit einfachen t\u00e4nzerischen, jedoch sehr rhytmischen Schritten lernen Sie Stellung, Lockerheit in Knie, H\u00fcfte und Fuss. Einsatz von einfachen Aufschl\u00e4gen und konsequente Entwicklung der spezifischen Step-Techniken. Eine kleine, jeweils neue Schrittfolge in jedem Kurs sorgt f\u00fcr sofortigen und garantierten Spass am Stepptanz!<\/p>\n<h3>Fortschritte machen<\/h3>\n<p>Ein regelm\u00e4ssiger Kursbesuch ist \u00e4usserst wichtig um die Schritt-Einheiten und Techniken gut zu lernen und sich dabei gut zu f\u00fchlen. Sobald Sie das Programm der ersten Stufe meistern k\u00f6nnen Sie &#8211; jederzeit w\u00e4hrend der ganzen Saison &#8211; in die zweite Stufe umsteigen. Am wichtigsten ist dass Sie in Ihrem Rhytmus lernen und dabei Spass haben!<\/p>\n<h3>Stundenplan f\u00fcr Anf\u00e4nger, 1. STUFE<\/h3>\n<ul>\n<li>Montag 18h45 David<\/li>\n<li>Mittwoch 20h15 Uhr David<\/li>\n<li>Donnerstag 18h45 Florence<\/li>\n<li>Freitag 9h45 Victor<\/li>\n<li>Samstag 10h15 Victor &amp; Antoine<\/li>\n<\/ul>\n<h2>Die Saison<\/h2>\n<p>Die Saison 2023\/2024 besteht aus 3 Einheiten von 14 Kursen. Diese Einheiten sind administratif, nicht p\u00e4dagogisch. Warten Sie also nicht auf den Anfang einer Einheit um mit dem Stepptanz anzufangen!<\/p>\n<h3>Unsere Einheiten<\/h3>\n<ul>\n<li>\n<ol>\n<li>Einheit: Montag 28. August bis Samstag 2. Dezember<\/li>\n<\/ol>\n<ol>\n<li>Einheit: Montag 4. Dezember bis Samstag 23. M\u00e4rz.<\/li>\n<\/ol>\n<ol>\n<li>Einheit: Montag 25. M\u00e4rz bis Samstag 29. Juni.<\/li>\n<\/ol>\n<\/li>\n<\/ul>\n<p>Jede Einheit muss im voraus voll bezahlt werden. Alle Kurse m\u00fcssen vor Ende jeder Einheit wahrgenommen werden. Sie k\u00f6nnen aber jederzeit einen Kurs ersetzen oder nachholen!<\/p>\n<h3>Auszug unserer Tarife:<\/h3>\n<ul>\n<li>Anmeldung und Versicherung Saison 2023\/24: 29 \u20ac<\/li>\n<li>1 Kurs pro Woche (14 Kurse): 231 \u20ac<\/li>\n<li>2 Kurse pro Woche (28 Kurse): 410 \u20ac<\/li>\n<\/ul>\n\n","protected":false},"excerpt":{"rendered":"<p>Stufe 1 Das ist unser Einsteiger-Level !!! Sie k\u00f6nnen bei uns jederzeit, w\u00e4hrend der ganzen Saison mit Steppen anfangen! F\u00fcr Ihren ersten Kurs: kommen Sie einfach 15 Minuten vor Kursanfang. Anmeldung: nicht n\u00f6tig f\u00fcr einen Schnupper-Kurs! Nach Wunsch k\u00f6nnen Sie sich sp\u00e4ter direkt in unserer Schule definitif einschreiben. Stepschuhe: wir geben Ihnen ein Paar f\u00fcr&hellip; <a class=\"more-link\" href=\"https:\/\/www.swingtap.com\/blog\/de\/stepptanz-jetzt-beginnen\/\">Continue reading <span class=\"screen-reader-text\">Stepptanz jetzt beginnen<\/span><\/a><\/p>\n<p><a href=\"https:\/\/www.swingtap.com\/blog\/de\/stepptanz-jetzt-beginnen\/\">Routines and videos&#8230;<\/a><\/p>\n<p><a href=\"https:\/\/www.swingtap.com\/blog\/de\/stepptanz-jetzt-beginnen\/\">Routines and videos&#8230;<\/a><\/p>\n","protected":false},"author":1,"featured_media":0,"parent":0,"menu_order":1,"comment_status":"closed","ping_status":"open","template":"","meta":[],"_links":{"self":[{"href":"https:\/\/www.swingtap.com\/blog\/wp-json\/wp\/v2\/pages\/454"}],"collection":[{"href":"https:\/\/www.swingtap.com\/blog\/wp-json\/wp\/v2\/pages"}],"about":[{"href":"https:\/\/www.swingtap.com\/blog\/wp-json\/wp\/v2\/types\/page"}],"author":[{"embeddable":true,"href":"https:\/\/www.swingtap.com\/blog\/wp-json\/wp\/v2\/users\/1"}],"replies":[{"embeddable":true,"href":"https:\/\/www.swingtap.com\/blog\/wp-json\/wp\/v2\/comments?post=454"}],"version-history":[{"count":3,"href":"https:\/\/www.swingtap.com\/blog\/wp-json\/wp\/v2\/pages\/454\/revisions"}],"predecessor-version":[{"id":3350,"href":"https:\/\/www.swingtap.com\/blog\/wp-json\/wp\/v2\/pages\/454\/revisions\/3350"}],"wp:attachment":[{"href":"https:\/\/www.swingtap.com\/blog\/wp-json\/wp\/v2\/media?parent=454"}],"curies":[{"name":"wp","href":"https:\/\/api.w.org\/{rel}","templated":true}]}}