{"id":502,"date":"2013-07-25T15:53:24","date_gmt":"2013-07-25T13:53:24","guid":{"rendered":"https:\/\/www.swingtap.com\/?page_id=502"},"modified":"2022-03-09T12:59:57","modified_gmt":"2022-03-09T11:59:57","slug":"die-welt-des-steptanzes","status":"publish","type":"page","link":"https:\/\/www.swingtap.com\/blog\/de\/die-welt-des-steptanzes\/","title":{"rendered":"Steppen bei Swingtap"},"content":{"rendered":"<p>Willkommen in der faszinierenden Welt des Steptanzes!<\/p>\n<p>Die Magie des Steptanzes beginnt augenblicklich wenn der Fuss auf den Boden knallt. Leise, laut, langsam oder schnell, mit synkopierten Rhytmen oder kontinuierlich im Tempo: mit den Eisen unter den F\u00fcssen gibt es kein Zur\u00fcck mehr! Das alles hatte mal angefangen mit einfachem Gehen im Takt mit der Musik. Eine unheimliche Kreativit\u00e4t und viel Ehrgeiz haben danach eine Vielzahl von Techniken erfunden und damit die einfache Original-Geste zu einer Kunstform entwickelt: Percussion in Bewegung.<\/p>\n<p>Sind auch Sie fasziniert von der scheinbaren Leichtigkeit des Steptanzes?<\/p>\n<p>Wir zeigen Ihnen wie Ihre F\u00fcsse mit einfachen, aber sehr rhytmischen Sequenzen erste Erfahrungen auf das Parkett legen k\u00f6nnen. Die offensichtliche Leichtigkeit wird sich erstmal als harte Beinarbeit entpuppen. Das braucht Zeit und ein bisschen Geduld, aber der Steptanz hat, im Vergleich zu anderen Tanzformen, einen immensen Vorteil: man kann mit einfachsten technischen Mitteln ganz tolle Sachen machen, und das ab der ersten Stepstunde!<\/p>\n<p>Machen Sie sich keine Sorgen \u00fcber Kleidung, es gibt nur eine Vorschrift: ein leichtes, angenehmes und Ihnen entsprechendes Outfit. Steptanz soll immer soll immer einen absolut spontanen Eindruck erwecken. Step-Technik hat nur die Aufgabe Ihre nat\u00fcrlichen F\u00e4higkeiten von Rhytmus und Bewegung zu entwickeln und in stilistische Bahnen zu lenken.<\/p>\n<p>Bewegung und Rhytmus gehen Hand in Hand mit Gesang, Spiel und Tanz: der Musical Comedy Stil hat in diesem Sinne eine weite Palette von einfachen Schritten entwickelt, die keine hervorragenden k\u00f6rperlichen F\u00e4higkeiten ben\u00f6tigen. Somit ist der Steptanz ein ideales Spielfeld f\u00fcr jung und alt. Kommmen Sie so wie Sie sind, wir k\u00fcmmern uns um den Rest!<\/p>\n<p>Unsere Stunden f\u00fcr Anf\u00e4nger sind f\u00fcr alle da, Sie brauchen gar keine irgendwelchen Vorkentnisse, denn dies ist unsere Aufgabe. Alter ist unerheblich. Es ist unser Vergn\u00fcgen Sie in die fantastische Welt des Steptanzes einzuf\u00fchren!<\/p>\n","protected":false},"excerpt":{"rendered":"<p>Willkommen in der faszinierenden Welt des Steptanzes! Die Magie des Steptanzes beginnt augenblicklich wenn der Fuss auf den Boden knallt. Leise, laut, langsam oder schnell, mit synkopierten Rhytmen oder kontinuierlich im Tempo: mit den Eisen unter den F\u00fcssen gibt es kein Zur\u00fcck mehr! Das alles hatte mal angefangen mit einfachem Gehen im Takt mit der&hellip; <a class=\"more-link\" href=\"https:\/\/www.swingtap.com\/blog\/de\/die-welt-des-steptanzes\/\">Continue reading <span class=\"screen-reader-text\">Steppen bei Swingtap<\/span><\/a><\/p>\n<p><a href=\"https:\/\/www.swingtap.com\/blog\/de\/die-welt-des-steptanzes\/\">Routines and videos&#8230;<\/a><\/p>\n<p><a href=\"https:\/\/www.swingtap.com\/blog\/de\/die-welt-des-steptanzes\/\">Routines and videos&#8230;<\/a><\/p>\n","protected":false},"author":2,"featured_media":0,"parent":0,"menu_order":0,"comment_status":"closed","ping_status":"closed","template":"","meta":[],"_links":{"self":[{"href":"https:\/\/www.swingtap.com\/blog\/wp-json\/wp\/v2\/pages\/502"}],"collection":[{"href":"https:\/\/www.swingtap.com\/blog\/wp-json\/wp\/v2\/pages"}],"about":[{"href":"https:\/\/www.swingtap.com\/blog\/wp-json\/wp\/v2\/types\/page"}],"author":[{"embeddable":true,"href":"https:\/\/www.swingtap.com\/blog\/wp-json\/wp\/v2\/users\/2"}],"replies":[{"embeddable":true,"href":"https:\/\/www.swingtap.com\/blog\/wp-json\/wp\/v2\/comments?post=502"}],"version-history":[{"count":1,"href":"https:\/\/www.swingtap.com\/blog\/wp-json\/wp\/v2\/pages\/502\/revisions"}],"predecessor-version":[{"id":2644,"href":"https:\/\/www.swingtap.com\/blog\/wp-json\/wp\/v2\/pages\/502\/revisions\/2644"}],"wp:attachment":[{"href":"https:\/\/www.swingtap.com\/blog\/wp-json\/wp\/v2\/media?parent=502"}],"curies":[{"name":"wp","href":"https:\/\/api.w.org\/{rel}","templated":true}]}}