{"id":560,"date":"2013-07-29T16:32:57","date_gmt":"2013-07-29T14:32:57","guid":{"rendered":"https:\/\/www.swingtap.com\/?page_id=560"},"modified":"2022-03-09T13:00:58","modified_gmt":"2022-03-09T12:00:58","slug":"geschaftsbedingungen","status":"publish","type":"page","link":"https:\/\/www.swingtap.com\/blog\/de\/geschaftsbedingungen\/","title":{"rendered":"Gesch\u00e4ftsbedingungen"},"content":{"rendered":"<h2>Abfertigung der Bestellungen<\/h2>\n<h2>Bestellungen und Bezahlung<\/h2>\n<p>[table delimiter=&#8221;|&#8221;]Bezahlungsart|Abfertigung<\/p>\n<p>Bestellungen auf unserer Website und Bezahlung mit Kreditkarte|Sofort<\/p>\n<p>Bezahlung per internationaler \u00dcberweisung|Eine Woche Verz\u00f6gerung<\/p>\n<p>Die Banken halten leider immer noch das Geld zur\u00fcck. Dazu kommt dass Belastungen auch an Feiertagen abgebucht werden, Gutschriften jedoch nur an Werktagen&#8230;<\/p>\n<div class=\"_warning\">\n  Der Versand Ihrer Bestellung erfolgt sofort nach Eintreffen der vollst\u00e4ndigen Bezahlung\n<\/div>\n<h2>Mengenrabatt<\/h2>\n<p>Wir bieten Ihnen einen Mengenrabatt unter folgenden Bedingungen (Endbetrag inkl. Mehrwertsteuer ausser Versandkosten)<\/p>\n<p>[table delimiter=&#8221;|&#8221;]Condition|Remise<\/p>\n<p>[attr class=&#8221;&#8221;]ab 250 \u20ac|-5%<\/p>\n<p>[attr class=&#8221;&#8221;]ab 400 \u20ac|-7%<\/p>\n<p>[attr class=&#8221;&#8221;]ab 550 \u20ac|-9%<\/p>\n<p>[attr class=&#8221;&#8221;]ab 700 \u20ac|-11%<\/p>\n<p>[attr class=&#8221;&#8221;]ab 850 \u20ac|-13%<\/p>\n<p>[attr class=&#8221;&#8221;]ab 1000 \u20ac|-15%<\/p>\n<p>[attr class=&#8221;&#8221;]ab 1150 \u20ac|-17%<\/p>\n<p>[attr class=&#8221;&#8221;]ab 1300 \u20ac|-18,5%<\/p>\n<p>[attr class=&#8221;&#8221;]ab 1500 \u20ac|-20%[\/table]<\/p>\n<p>Die anfallenden Portokosten werden im Warenkorb angezeigt.<\/p>\n<h3>BESTELLEN UND SPAREN<\/h3>\n<p>Bei Bestellungen von mehreren Paar Schuhen sind die Portokosten erheblich weniger schmerzhaft! Bis zu 1 Kilo: +\/- 14 \u20ac = 1 Paar Schuhe. Bis zu 2 Kilo: +\/- 16 \u20ac = 2 oder 3 Paar Schuhe usw.<\/p>\n<h3>Gesch\u00e4ftsbedingungen<\/h3>\n<h3>Preise<\/h3>\n<p>Promo und Ausverkaufspreise auf unserer Website sind nicht garantiert in unserem Laden.<\/p>\n<h3>Mehrwersteuer<\/h3>\n<p>Innerhalb der europ\u00e4ischen Gemeinschaft enthalten unsere Rechnungen die franz\u00f6sische Mehrwertsteuer. Export (inkl. Schweiz) erfolgt ohne Mehrwertsteuer. Beim Import k\u00f6nnen vom entsprechenden Land Zoll und Abfertigungsgeb\u00fchren erhoben werden.<\/p>\n<h3>Bezahlung<\/h3>\n<p>Alle Bestellungen erfolgen in EURO, per VISA \/ Mastercard oder internationaler \u00dcberweisung.<\/p>\n<h3>Bestellungen<\/h3>\n<p>Wir bem\u00fchen uns die vollst\u00e4ndige Bestellung sofort abzufertigen. Sollten einer oder mehrere Artikel kurzfristig nicht an Lager sein, k\u00f6nnen diese separat verschickt werden, ohne zus\u00e4tzliche Kosten f\u00fcr den Kunden.<\/p>\n<h3>Lagerstand<\/h3>\n<p>Alle Artikel (inkl. Gr\u00f6ssen und Farben) mit einem gr\u00fcnen Kreis sind an Lager. Wir k\u00f6nnen jedoch jederzeit kurzfristig einen Artikel, Gr\u00f6sse oder Farbe vom Verkauf zur\u00fcckziehen.<\/p>\n<h3>Umtausch und R\u00fcckerstattung<\/h3>\n<p>Umtausch unter folgenden Bedingungen:<\/p>\n<ol>\n<li>Die Artikel m\u00fcssen innerhalb 15 Tagen nach Erhalt an Swingtap, 21 Rue Keller, 75011 Paris, Frankreich zur\u00fcck gesendet werden.<\/li>\n<li>Kein Umtausch oder R\u00fcckerstattung f\u00fcr folgende Artikel: CDs, DVDs, B\u00fccher &amp; Hefte, sowie alle Downloads: Musik, PDF und Filme.<\/li>\n<li>Umtauschartikel d\u00fcrfen nicht benutzt werden und m\u00fcssen in perfektem Zustand sein.<\/li>\n<li>Erster Umtausch: Portokosten f\u00fcr die R\u00fccksendung zu Lasten des Kunden, neue Sendung kostenlos. Zweiter Umtausch: Portokosten f\u00fcr die R\u00fccksendung UND die neue Sendung zu Lasten des Kunden. Artikel mit Spezialpreisen oder im Ausverkauf: Portokosten f\u00fcr die R\u00fccksendung UND die neue Sendung zu Lasten des Kunden. Swingtap ist in keinem Fall verantwortlich f\u00fcr Besch\u00e4digungen oder Verlust beim Transport.<\/li>\n<li>Alle Artikel markiert mit &#8220;Gratisumtausch nur in unserem Laden&#8221;: Portokosten m\u00fcssen vor einer erneuten Sendung bezahlt werden.<\/li>\n<li>Umtausch nur mit Kopie unserer Rechnung.<\/li>\n<li>Eine R\u00fccksendung die nicht obenstehenden Bedingungen 1 bis 6 entspricht wird an den Kunden retourniert, zu seinen Kosten.<\/li>\n<\/ol>\n<p>R\u00fcckerstattung unter folgenden Bedingungen:<\/p>\n<ol>\n<li>\n<p>Sollte ein Artikel definitiv nicht mehr erh\u00e4ltlich sein, erfolgt die vollst\u00e4ndige R\u00fcckerstattung innerhalb von maximal 30 Tagen.<\/p>\n<\/li>\n<li>\n<p>Sollten Sie von einer Bestellung Abstand nehmen erfolgt die R\u00fcckerstattung &#8211; ausser Portokosten &#8211; innerhalb von maximal 30 Tagen, abz\u00fcglich einer Abfertigungsgeb\u00fchr von 10 \u20ac.<\/p>\n<\/li>\n<li>\n<p>R\u00fcckerstattung von Kurs- und Workshop-Kosten unter Vorweisung eines Arztzeugnisses, sp\u00e4testens 15 Tage nach Bescheinigung der Inkapazit\u00e4t. Keine R\u00fcckerstattung f\u00fcr Workshops nach dem Anfangsdatum.<\/p>\n<\/li>\n<\/ol>\n<h3>Lieferung<\/h3>\n<p>Wir versenden weltweit, mit folgenden Einschr\u00e4nkungen: L\u00e4nder in welchen Postservice und\/oder Bezahlung nicht garantiert sind. Versand per Colissimo international (franz\u00f6sische Post) mit pers\u00f6nlicher Aush\u00e4ndigung. Auslieferung Frankreich: 3 bis 5 Tage. Internationale Auslieferung: maximal 1 Woche. Keine Abfertigung an Wochenenden und Feiertagen. Swingtap ist in keinem Falle verantwortlich f\u00fcr Verlust oder Besch\u00e4digungen w\u00e4hrend des Transports. Beim Empfang der Sendung muss der Kunde eventuelle Besch\u00e4digungen beim entsprechenden Postservice reklamieren.<\/p>\n<p>Unerse Firma ist im Handelsregister eingetragen unter: Swingtap Sarl RC Paris 491 683 363<\/p>\n<p>Europ\u00e4ische Mehrwertsteuer-Nr.: FR 07 491 683 363<\/p>\n","protected":false},"excerpt":{"rendered":"<p>Abfertigung der Bestellungen Bestellungen und Bezahlung [table delimiter=&#8221;|&#8221;]Bezahlungsart|Abfertigung Bestellungen auf unserer Website und Bezahlung mit Kreditkarte|Sofort Bezahlung per internationaler \u00dcberweisung|Eine Woche Verz\u00f6gerung Die Banken halten leider immer noch das Geld zur\u00fcck. Dazu kommt dass Belastungen auch an Feiertagen abgebucht werden, Gutschriften jedoch nur an Werktagen&#8230; Der Versand Ihrer Bestellung erfolgt sofort nach Eintreffen der vollst\u00e4ndigen&hellip; <a class=\"more-link\" href=\"https:\/\/www.swingtap.com\/blog\/de\/geschaftsbedingungen\/\">Continue reading <span class=\"screen-reader-text\">Gesch\u00e4ftsbedingungen<\/span><\/a><\/p>\n<p><a href=\"https:\/\/www.swingtap.com\/blog\/de\/geschaftsbedingungen\/\">Routines and videos&#8230;<\/a><\/p>\n<p><a href=\"https:\/\/www.swingtap.com\/blog\/de\/geschaftsbedingungen\/\">Routines and videos&#8230;<\/a><\/p>\n","protected":false},"author":1,"featured_media":0,"parent":0,"menu_order":2,"comment_status":"closed","ping_status":"closed","template":"","meta":[],"_links":{"self":[{"href":"https:\/\/www.swingtap.com\/blog\/wp-json\/wp\/v2\/pages\/560"}],"collection":[{"href":"https:\/\/www.swingtap.com\/blog\/wp-json\/wp\/v2\/pages"}],"about":[{"href":"https:\/\/www.swingtap.com\/blog\/wp-json\/wp\/v2\/types\/page"}],"author":[{"embeddable":true,"href":"https:\/\/www.swingtap.com\/blog\/wp-json\/wp\/v2\/users\/1"}],"replies":[{"embeddable":true,"href":"https:\/\/www.swingtap.com\/blog\/wp-json\/wp\/v2\/comments?post=560"}],"version-history":[{"count":1,"href":"https:\/\/www.swingtap.com\/blog\/wp-json\/wp\/v2\/pages\/560\/revisions"}],"predecessor-version":[{"id":2670,"href":"https:\/\/www.swingtap.com\/blog\/wp-json\/wp\/v2\/pages\/560\/revisions\/2670"}],"wp:attachment":[{"href":"https:\/\/www.swingtap.com\/blog\/wp-json\/wp\/v2\/media?parent=560"}],"curies":[{"name":"wp","href":"https:\/\/api.w.org\/{rel}","templated":true}]}}