{"id":995,"date":"2013-08-08T11:33:08","date_gmt":"2013-08-07T10:27:27","guid":{"rendered":"https:\/\/www.swingtap.com\/?page_id=995"},"modified":"2025-08-28T13:28:01","modified_gmt":"2025-08-28T11:28:01","slug":"victor-cuno","status":"publish","type":"page","link":"https:\/\/www.swingtap.com\/blog\/fr\/nos-professeurs\/victor-cuno\/","title":{"rendered":"Victor Cuno"},"content":{"rendered":"\n\n\t<h2><b>Victor Cuno<\/b><\/h2>\nN\u00e9 le 01\/ 11\/1954 \u00e0 B\u00e2le (Suisse) r\u00e9sident fran\u00e7ais<br \/>\nTaille : 1&#8217;80 \/ poids 73 K<br \/>\nLangues: Fran\u00e7ais, Anglais, Allemand, Italien\n\t\t\t\t<img src=\"https:\/\/www.swingtap.com\/blog\/wp-content\/uploads\/H4-1568x2352.jpeg\" alt=\"H4-1568x2352.jpeg\" itemprop=\"image\" title=\"H4-1568x2352.jpeg\" onerror=\"this.style.display='none'\"  \/>\n\t<p><strong>Formation danseur : <\/strong><\/p>\n<ul>\n<li>Claquettes (USA), Classique : Yves Casati, Jazz : Ren\u00e9 Deshauteurs \/ Matt Mattox<\/li>\n<li>Instruments : Piano \/ Violon<\/li>\n<li>Chant : Conservatoire de B\u00e2le<\/li>\n<\/ul>\n<p>Une vie consacr\u00e9e \u00e0 tous les aspects de l&#8217;art des Claquettes. Apr\u00e8s des \u00e9tudes musicales au Conservatoire de B\u00e2le il commence le Tap Dance, qui le m\u00e8ne tr\u00e8s vite \u00e0 New York, o\u00f9 il s&#8217;est perfectionn\u00e9 avec Bob Audy et Henry LeTang. Il a d\u00e9but\u00e9 \u00e0 Paris dans le Show Musical <i>Tu Brodes&#8230; Ouais !<\/i>\u00a0 Parmi ses cr\u00e9ations, nous comptons <i>From Harlem To Broadway<\/i>, <i>Tap<\/i>, <i>Happy Feet\u00a0<\/i> et <i>D\u00e9lires En Claquettes<\/i>.<\/p>\n<p>Danseur, pianiste, compositeur et chor\u00e9graphe, Victor Cuno enseigne les Claquettes \u00e0 Paris et dans toute l&#8217;Europe depuis plus de 30 ans et accompagne lui-m\u00eame ses cours au piano.<\/p>\n<p>Ses activit\u00e9s de chor\u00e9graphe et danseur l&#8217;ont men\u00e9 de <i>Qu&#8217;est-ce Qu<\/i><i>&#8216;on<\/i><i>A<\/i><i>ttend Pour \u00catre Heureux<\/i> (Coline Serreau) \u00e0 la production parisienne de <i>Steppin<\/i><i>&#8216; <\/i><i>Out<\/i> (&#8220;Tempo&#8221;, Moli\u00e8re du Meilleur Spectacle Musical) en passant par <i>La<\/i><i> Nuit Des C\u00e9sars<\/i>, <i>Le Grand \u00c9chiquier<\/i>, <i>La Nuit Des Moli\u00e8res<\/i> et le <i>Cendrillon<\/i> de R. Nour\u00e9ev\u00a0 \u00e0 l&#8217;Op\u00e9ra de Paris.<\/p>\n<p>Nombreuses chor\u00e9graphies pour des concours de claquettes (nationaux et mondiaux). Ses enfants Marius et Zazie sont multiples Champions Suisses, Champions d&#8217;Europe et Marius 2\u00e8me mondial. Marius a \u00e9galement particip\u00e9 \u00e0 <i>The Voice<\/i> et a \u00e9t\u00e9 finaliste dans <i>Super Kids<\/i>.\u00a0<\/p>\n<p>Sa passion pour l&#8217;histoire des claquettes ont fait de Victor Cuno un sp\u00e9cialiste recherch\u00e9 pour des documentaires comme <i>Dansons Les Claquettes<\/i>\u00a0 et <i>Broadway A Hollywood<\/i> .<\/p>\n<p>Cr\u00e9ations plus r\u00e9centes: <i>Une Etoile et Moi<\/i> avec Isabelle Georges, <i>Le Chignon d&#8217;Olga<\/i> (film, chor\u00e9graphe et danseur), plusieurs chor\u00e9graphies pour des pi\u00e8ces de th\u00e9\u00e2tre, dont une nouvelle version de <i>Steppin<\/i><i>&#8216; <\/i><i>Out <\/i>pour le TMR de Montreux et coaching intense avec Antoine De Caunes pour sa prestation de <i>Singin&#8217; In The Rain<\/i> pour les C\u00e9sars, cr\u00e9ation d&#8217;un num\u00e9ro de claquettes pour <i>Psych\u00e9e<\/i> de Moli\u00e8re \u00e0 la Com\u00e9die Fran\u00e7aise.<\/p>\n<p>Prestation claquettes dans une \u00e9mission de <i>St\u00e9phane Bern<\/i> et dans <i>C&#8217;est mon Choix<\/i> avec ses enfants.\u00a0<\/p>\n<p>Professeur et chor\u00e9graphe de claquettes pour la Ma\u00eetrise Populaire de l&#8217;Op\u00e9ra Comique (com\u00e9die musicale <i>My Fair Lady et <\/i>prestations de gala).<\/p>\n<p>Plus de 50 cours d&#8217;initiation pour des groupes de spectateurs avant les repr\u00e9sentations de la com\u00e9die musicale <i>Singin&#8217; In The Rain<\/i> au Grand Palais et pour <i>An American in Paris <\/i>au Th\u00e9\u00e2tre du Ch\u00e2telet (2017 \/ 2019).<\/p>\n<p>Coach claquettes de Vanessa Paradis pour le film <i>Cette musique ne joue pour personne<\/i> de Samuel Benchetrit (2020)\u00a0<\/p>\n<p>Tournage Claquettes pour Arte (Septembre 2020).<\/p>\n<p>Chor\u00e9graphe, arrangeur musical et danseur de claquettes pour le grand concert de l&#8217;\u00e9mission <i>42\u00e8me Rue<\/i> \u00e0 Radio France avec le num\u00e9ro <i>Anything Goes<\/i> de Cole Porter (d\u00e9cembre 2020).<\/p>\n<p>Chor\u00e9graphe pour le court m\u00e9trage <i>Tap, Tap<\/i> (mars 2021).<\/p>\n<p>Novembre 2020 \u00e0 mai 2021 (pendant le 2\u00e8me confinement) : travail intensif avec des <i>Intermittents du Spectacle<\/i> dans le cadre de la formation continue qui m\u00e8ne \u00e0 la cr\u00e9ation de <i>Broadway Cabaret<\/i>, grand spectacle de claquettes et de com\u00e9die musicale avec captation le 3 mai 2021 au Th\u00e9\u00e2tre du Voyageur \u00e0 Asni\u00e8res.<\/p>\n<p>1981 &#8211; pr\u00e9sent Professeur de claquettes \u00e0 Paris.<\/p>\n<p>1981-1991 Professeur de claquettes au CNSAD (Conservatoire National d&#8217;Art Dramatique).<\/p>\n<p>2018 &#8211; pr\u00e9sent Chor\u00e9graphe et professeur \u00e0 la Ma\u00eetrise Populaire de l&#8217;Op\u00e9ra Comique<\/p>\n<p>1984 &#8211; pr\u00e9sent Professeur de claquettes international:<\/p>\n<p>Aix en Provence &#8211; Amsterdam &#8211; Angoul\u00eame &#8211; Arles &#8211; Augsburg &#8211; Basel &#8211; Berlin &#8211; Bern &#8211; Bremen &#8211; Bruxelles &#8211; Ch\u00e2teauroux &#8211; Chicago &#8211; Compi\u00e8gne &#8211; Dortmund &#8211; Frankfurt &#8211; Freiburg &#8211; Gent &#8211; Gelsenkirchen &#8211; Georgsmarienh\u00fctte &#8211; G\u00fctersloh &#8211; Haarlem &#8211; Hamburg &#8211; Helsinki &#8211; Kiel &#8211; K\u00f6ln &#8211; Lausanne &#8211; Lille &#8211; Limoges &#8211; Linz &#8211; Londres &#8211; Luzern &#8211; Mannheim &#8211; Marseille &#8211; M\u00fcnchen &#8211; Nice &#8211; Nordhorn &#8211; Paris &#8211; Rome &#8211; St. Gallen &#8211; W\u00fcrzburg &#8211; Z\u00fcrich<\/p>\n<p>1992 &#8211; pr\u00e9sent Cr\u00e9ation de Swingtap Sarl, structure pour regrouper les activit\u00e9s suivantes : artistiques (productions de spectacles), l&#8217;\u00c9cole Victor Cuno, l&#8217;\u00e9dition et la production d&#8217;articles pour les claquettes (livres, manuels, Cds d&#8217;entrainement etc.).<\/p>\n<p>1994 &#8211; pr\u00e9sent Auteur de livres sp\u00e9cialis\u00e9s : <i>Le Guide du D\u00e9butant<\/i>, <i>Lexique des Combinaisons de Base<\/i>, livrets avec des analyses chor\u00e9graphiques des classiques des claquettes. Livres de recherches sur l&#8217;\u00e9volution et la pratique des claquettes :<\/p>\n<h3><strong>Publications de recherche Claquettes<\/strong><\/h3>\n<h4>TAP DANCE RESEARCH<\/h4>\n<ul>\n<li>N\u00b0 1\/ Eddie Rector and The Bambalina \/ Johnny Nit<\/li>\n<li>1920s first black tap dance stars on Broadway \/\u00a0also featuring Jack Wiggins &#8211; Pete Nugent &#8211; Ralph Cooper<\/li>\n<li>N\u00b0 2 \/ Leon Collins&#8217; Rhythm-Tap \/ AIN&#8217; T MISBEHAVIN&#8217; ROUTINE N\u00b0 2<\/li>\n<li>N\u00b0 3 \/ MGM : Softshoe of 1942<\/li>\n<li>N\u00b0 4 \/ Bill Robinson : A Hollywood Routine<\/li>\n<li>N\u00b0 5 \/ Gene Kelly &amp; Co : Softshoe-Special<\/li>\n<li>N\u00b0 5a \/ Gene Kelly&#8217;s favorite Vaudeville Act : King, King &amp; King<\/li>\n<li>N\u00b0 6 \/ Jazz Waltz Tap Routines : Henry LeTang \/ Leon Collins \/ Foster Johnson<\/li>\n<li>N\u00b0 7 \/ Black Rhythm &amp; Flash TaDance Trios<\/li>\n<li>N\u00b0 8 \/ Bill &#8216;Bojangles&#8217; Robinson and the Time-Step : the complete Buck-Dances<\/li>\n<li>N\u00b0 9 \/ Ruby Keeler &#8211; including I Want To Be Happy from No, No, Nanette<\/li>\n<li>Busby Berkeley films &amp; Warner Brothers &#8211; including Lullaby Of Broadway from Golddiggers of 1935<\/li>\n<li>N\u00b0 10 \/ The B.S.-CHORUS and its evolutions &amp; (mostly black and male) Buck-And-Wing Dancing<\/li>\n<li>N\u00b0 11 \/ All there is to know about Military Tap Routines &amp; Techniques<\/li>\n<li>TAP DANCE TECHNIQUE<\/li>\n<li>N\u00b0 1 All there is to know about the famous TIME STEP &#8211; the step, techniques, combinations &amp; variations<\/li>\n<li>N\u00b0 2 All there is to know about the famous MAXIE FORD &#8211; the break, techniques &amp; combinations<\/li>\n<li>Compositeur de musiques pour les claquettes (CDs <i>Victor&#8217;s Tap Music Box<\/i> et <i>Tap In The Groove<\/i>).<\/li>\n<\/ul>\n<p>1994 &#8211; pr\u00e9sent Cr\u00e9ation d&#8217;une boutique sp\u00e9cialis\u00e9e claquettes et collaboration avec des fournisseurs et fabricants afin d&#8217;am\u00e9liorer la qualit\u00e9 des chaussures de claquettes.<\/p>\n<p>1994 &#8211; 1998 UPAC &#8211; Association Pour l&#8217;Art des Claquettes, structure destin\u00e9e \u00e0 l&#8217;information des danseurs \/ professeurs professionnels et semi-professionnels ainsi qu&#8217;au amateurs.<\/p>\n<p>1997 &#8211; pr\u00e9sent Conseil technique: enseignement aux professeurs, formation jury concours. Agr\u00e9e AFDAS pour la formation continue des artistes.<\/p>\n<h3><strong>Formation claquettes<\/strong><\/h3>\n<p>On m&#8217;appelle souvent &#8221; The Talking Feet Of Paris &#8220;. J&#8217;ai \u00e9t\u00e9 form\u00e9 par les meilleurs professeurs aux Etats-Unis :<\/p>\n<p><strong><i>Bob Audy<\/i><\/strong> &#8211; disciple du fameux Paul Draper. Avec Bob j&#8217;ai appris \u00e0 danser l\u00e9ger et styl\u00e9 \u00e0 travers le &#8220;concert-tap&#8221; qui m\u00e9lange claquettes sophistiqu\u00e9es avec des \u00e9l\u00e9ments de danse classique. De ses combinaisons techniques et rythmiques j&#8217;ai gard\u00e9 un classeur g\u00e9ant qui me sert toujours !<\/p>\n<p><strong><i>Henry LeTang<\/i> <\/strong>&#8211; chor\u00e9graphe de la revue &#8220;Black And Blue&#8221; et des films &#8220;Cotton Club&#8221; et &#8220;Tap&#8221;, mais \u00e9galement professeur de Gregory Hines et Savion Glover. Le style de Henry r\u00e9unit \u00e0 merveille les meilleurs \u00e9l\u00e9ments du Showbiz black de la grande \u00e9poque : rythmique tr\u00e8s jazz sur fond de mouvement qui rappelle tous les grands danseurs noirs. Avec Henry j&#8217;ai travaill\u00e9 20 num\u00e9ros, ses fameux &#8220;routines&#8221; et 21 grands num\u00e9ros qu&#8217;il a sp\u00e9cialement chor\u00e9graphi\u00e9 pour moi en cours particulier, dont une version superbe du &#8220;Stair-Dance&#8221;, la danse sur l&#8217;escalier rendue c\u00e9l\u00e8bre par Bill &#8216;Bojangles&#8217; Robinson.<\/p>\n<p><strong><i>Chuck Green<\/i><\/strong> &#8211; une inspiration et un amour de mec. Je l&#8217;ai invit\u00e9 pour une tourn\u00e9e europ\u00e9enne &#8211; sa derni\u00e8re. Il se savait tr\u00e8s malade et tenait \u00e0 coeur de me transmettre tout son immense savoir faire. Outre &#8220;Caravan&#8221; et &#8220;Take The A Train&#8221;, ses num\u00e9ros de sc\u00e8ne, il m&#8217;a enseign\u00e9 son r\u00e9pertoire h\u00e9rit\u00e9 du c\u00e9l\u00e8bre John Bubbles, son mentor. Souvent apr\u00e8s minuit ou dans un hall d&#8217;a\u00e9roport il m&#8217;a fait faire des combinaisons qui repr\u00e9sentaient ses souvenirs de tous les styles et tempi imaginables !<\/p>\n<p><strong><i>Eddie Brown<\/i><\/strong> &#8211; il m&#8217;a transmis son Rhythm-Tap intense. Avec lui j&#8217;ai travaill\u00e9 son c\u00e9l\u00e8bre &#8220;B.S.Chorus&#8221;, quelque routines et un nombre incroyable de combinaisons.<\/p>\n<p><strong><i>Honi Coles &amp; The Copasetics, Danny Daniels, Buster Brown<\/i><\/strong> &#8211; avec eux j&#8217;ai travaill\u00e9 en stage ou en cours particuliers, ils ont compl\u00e9t\u00e9 ma formation en enrichissant mes connaissances avec leurs styles tr\u00e8s personnels.<\/p>\n<p><strong><i>Leon Collins <\/i><\/strong>&#8211; avec plusieurs de ses assistants j&#8217;ai travaill\u00e9 son style \u00e0 travers ses 4 routines sur &#8220;Aint Misbehavin&#8221; ainsi qu&#8217;une bonne douzaine d&#8217;autres danses. J&#8217;adore son Rhythm-Tap l\u00e9ger et sophistiqu\u00e9 !<\/p>\n\n","protected":false},"excerpt":{"rendered":"<p>Victor Cuno N\u00e9 le 01\/ 11\/1954 \u00e0 B\u00e2le (Suisse) r\u00e9sident fran\u00e7ais Taille : 1&#8217;80 \/ poids 73 K Langues: Fran\u00e7ais, Anglais, Allemand, Italien Formation danseur : Claquettes (USA), Classique : Yves Casati, Jazz : Ren\u00e9 Deshauteurs \/ Matt Mattox Instruments : Piano \/ Violon Chant : Conservatoire de B\u00e2le Une vie consacr\u00e9e \u00e0 tous les&hellip; <a class=\"more-link\" href=\"https:\/\/www.swingtap.com\/blog\/fr\/nos-professeurs\/victor-cuno\/\">Continue reading <span class=\"screen-reader-text\">Victor Cuno<\/span><\/a><\/p>\n<p><a href=\"https:\/\/www.swingtap.com\/blog\/fr\/nos-professeurs\/victor-cuno\/\">Routines and videos&#8230;<\/a><\/p>\n<p><a href=\"https:\/\/www.swingtap.com\/blog\/fr\/nos-professeurs\/victor-cuno\/\">Routines and videos&#8230;<\/a><\/p>\n","protected":false},"author":2,"featured_media":0,"parent":23,"menu_order":0,"comment_status":"closed","ping_status":"closed","template":"","meta":[],"_links":{"self":[{"href":"https:\/\/www.swingtap.com\/blog\/wp-json\/wp\/v2\/pages\/995"}],"collection":[{"href":"https:\/\/www.swingtap.com\/blog\/wp-json\/wp\/v2\/pages"}],"about":[{"href":"https:\/\/www.swingtap.com\/blog\/wp-json\/wp\/v2\/types\/page"}],"author":[{"embeddable":true,"href":"https:\/\/www.swingtap.com\/blog\/wp-json\/wp\/v2\/users\/2"}],"replies":[{"embeddable":true,"href":"https:\/\/www.swingtap.com\/blog\/wp-json\/wp\/v2\/comments?post=995"}],"version-history":[{"count":3,"href":"https:\/\/www.swingtap.com\/blog\/wp-json\/wp\/v2\/pages\/995\/revisions"}],"predecessor-version":[{"id":5515,"href":"https:\/\/www.swingtap.com\/blog\/wp-json\/wp\/v2\/pages\/995\/revisions\/5515"}],"up":[{"embeddable":true,"href":"https:\/\/www.swingtap.com\/blog\/wp-json\/wp\/v2\/pages\/23"}],"wp:attachment":[{"href":"https:\/\/www.swingtap.com\/blog\/wp-json\/wp\/v2\/media?parent=995"}],"curies":[{"name":"wp","href":"https:\/\/api.w.org\/{rel}","templated":true}]}}